{"id":1294,"date":"2018-03-05T15:50:33","date_gmt":"2018-03-05T15:50:33","guid":{"rendered":"https:\/\/www.martos.pt\/?page_id=1294"},"modified":"2023-08-31T11:03:54","modified_gmt":"2023-08-31T11:03:54","slug":"pellets-o-que-sao","status":"publish","type":"page","link":"https:\/\/www.martos.pt\/fr\/pellets-o-que-sao\/","title":{"rendered":"Pellets &#8211; O que s\u00e3o"},"content":{"rendered":"<div class=\"content_block\" id=\"custom_post_widget-465\"><div class=\"container\">\n<div class=\"g-grid\">\n<div class=\"size-25 container-menu-inicio\"><a href=\"\/pellets-produtos\"><img decoding=\"async\" class=\"imgProductMenu aligncenter\" src=\"\/images\/pellets.png\" \/><\/a><\/p>\n<div id=\"menu-pellets\" class=\"overlay-menu-inicio\" style=\"text-align: center;\">\n<div class=\"text_menu\">Pellets<\/div>\n<\/div>\n<\/div>\n<div class=\"size-25 container-menu-inicio\" style=\"text-align: center;\"><a href=\"\/paletes-produtos\"><img decoding=\"async\" class=\"imgProductMenu\" src=\"\/images\/palete4entradas.png\" \/><\/a><\/p>\n<div id=\"menu-paletes\" class=\"overlay-menu-inicio\">\n<div class=\"text_menu\">Palettes<\/div>\n<\/div>\n<\/div>\n<div class=\"size-25 container-menu-inicio\"><a href=\"\/carvao-produtos\"><img decoding=\"async\" class=\"imgProductMenu aligncenter\" src=\"\/images\/carvao.png\" \/><\/a><\/p>\n<div id=\"menu-carvao\" class=\"overlay-menu-inicio\">\n<div class=\"text_menu\" style=\"text-align: center;\">BioCharbon<\/div>\n<\/div>\n<\/div>\n<div class=\"size-25 container-menu-inicio\"><\/div>\n<\/div>\n<\/div>\n<\/div>\n<div class=\"content_block\" id=\"custom_post_widget-475\"><div>\n<div class=\"line_green\"><\/div>\n<p class=\"sub_menu_margin\"><a id=\"aProdutosPellets\" class=\"sub_menu\" href=\"\/pellets-produtos\">Comprar<\/a><a id=\"aQueSaoPellets\" class=\"sub_menu\" href=\"\/pellets-o-que-sao\">Que sont les pellets ?<\/a><a id=\"aVantagensPellets\" class=\"sub_menu\" href=\"\/pellets-vantagens\">Avantages des pellets<\/a><a id=\"aInfoPellets\" class=\"sub_menu\" href=\"\/pellets-informacoes\">Informations<\/a><a id=\"aBeneficiosPellets\" class=\"sub_menu\" href=\"\/pellets-beneficios\">B\u00e9n\u00e9fices<\/a><a id=\"aAplicacoesPellets\" class=\"sub_menu\" href=\"\/pellets-aplicacoes\">Applications<\/a><a id=\"aNoticiasPellets\" class=\"sub_menu\" href=\"\/pellets-noticias\">Actualit\u00e9s<\/a><\/p>\n<\/div>\n<\/div>\n<div class=\"container\">\n<h2>Que sont les pellets ?<\/h2>\n<h3>Os pellets s\u00e3o pequenos aglomerados de madeira de forma cil\u00edndrica produzidos a partir dos subprodutos da ind\u00fastria de serra\u00e7\u00e3o, nomeadamente o serrim de pinho e estilha.<\/h3>\n<p>Os pellets constituem um biocombust\u00edvel s\u00f3lido de elevada efici\u00eancia. As mat\u00e9rias-primas s\u00e3o submetidas a um processo de tritura\u00e7\u00e3o e secagem seguindo-se a sua prensagem, usando uma matriz cil\u00edndrica, que por um processo de extors\u00e3o, permite a produ\u00e7\u00e3o dos pellets na forma final.<\/p>\n<p>A <strong>resina natural da madeira<\/strong> \u00e9 a \u00fanica respons\u00e1vel pela aglutina\u00e7\u00e3o do serrim durante a produ\u00e7\u00e3o dos pellets. N\u00e3o sendo utilizados quaisquer aditivos ao processo de fabrico.<\/p>\n<p>Os <a href=\"https:\/\/www.martos.pt\/news\/nova-loja-dos-pellets-na-fabrica-martos\/\">pellets<\/a>, um biocombust\u00edvel s\u00f3lido 100% natural, renov\u00e1vel com impacto neutro nas emiss\u00f5es de CO2 durante a queima, produzidos com <strong>Madeira de Pinho<\/strong> com um elevado poder calor\u00edfico, s\u00e3o normalmente utilizados em equipamentos adequados a este tipo de biocombust\u00edvel como salamandras, recuperadores, fornos, caldeiras e churrasqueiras.<\/p>\n<p>Os pellets apresentam um <strong>poder calor\u00edfico<\/strong> superior a 17,0 MJ\/kg o que equivale a 5 kWh\/kg, cuja combust\u00e3o se manifesta bastante eficiente quer pelas mat\u00e9rias-primas utilizadas, com um <strong>teor de cinzas<\/strong> \u00e9 inferior a 0,7% quer pela baixa percentagem de <strong>humidade<\/strong> contida nos pellets, \u2264 10%.<\/p>\n<p>A sua elevada densidade, superior a 650 Kg\/m3, permite a otimiza\u00e7\u00e3o de recursos afetos ao n\u00edvel do manuseamento, <strong>ensaque, armazenamento o transporte<\/strong>.<\/p>\n<\/div>","protected":false},"excerpt":{"rendered":"<p>O que s\u00e3o pellets? Os pellets s\u00e3o pequenos aglomerados de madeira de forma cil\u00edndrica produzidos a partir dos subprodutos da ind\u00fastria de serra\u00e7\u00e3o, nomeadamente o serrim de pinho e estilha. Os pellets constituem um biocombust\u00edvel s\u00f3lido de elevada efici\u00eancia. As mat\u00e9rias-primas s\u00e3o submetidas a um processo de tritura\u00e7\u00e3o e secagem seguindo-se a sua prensagem, usando [&hellip;]<\/p>","protected":false},"author":1,"featured_media":0,"parent":0,"menu_order":0,"comment_status":"closed","ping_status":"closed","template":"","meta":{"_mi_skip_tracking":false,"_monsterinsights_sitenote_active":false,"_monsterinsights_sitenote_note":"","_monsterinsights_sitenote_category":0,"footnotes":""},"aioseo_notices":[],"_links":{"self":[{"href":"https:\/\/www.martos.pt\/fr\/wp-json\/wp\/v2\/pages\/1294"}],"collection":[{"href":"https:\/\/www.martos.pt\/fr\/wp-json\/wp\/v2\/pages"}],"about":[{"href":"https:\/\/www.martos.pt\/fr\/wp-json\/wp\/v2\/types\/page"}],"author":[{"embeddable":true,"href":"https:\/\/www.martos.pt\/fr\/wp-json\/wp\/v2\/users\/1"}],"replies":[{"embeddable":true,"href":"https:\/\/www.martos.pt\/fr\/wp-json\/wp\/v2\/comments?post=1294"}],"version-history":[{"count":6,"href":"https:\/\/www.martos.pt\/fr\/wp-json\/wp\/v2\/pages\/1294\/revisions"}],"predecessor-version":[{"id":3187,"href":"https:\/\/www.martos.pt\/fr\/wp-json\/wp\/v2\/pages\/1294\/revisions\/3187"}],"wp:attachment":[{"href":"https:\/\/www.martos.pt\/fr\/wp-json\/wp\/v2\/media?parent=1294"}],"curies":[{"name":"wp","href":"https:\/\/api.w.org\/{rel}","templated":true}]}}