{"id":1536,"date":"2018-11-23T11:01:07","date_gmt":"2018-11-23T11:01:07","guid":{"rendered":"https:\/\/www.martos.pt\/?page_id=1536"},"modified":"2022-01-14T15:03:06","modified_gmt":"2022-01-14T15:03:06","slug":"cofinanciado-mala-cognitiva-tecnologica","status":"publish","type":"page","link":"https:\/\/www.martos.pt\/fr\/cofinanciado-mala-cognitiva-tecnologica\/","title":{"rendered":"Cofinanciado Malha Cognitiva Tecnol\u00f3gica"},"content":{"rendered":"<div class=\"content_block\" id=\"custom_post_widget-232\"><div>\n<div class=\"line_green\"><\/div>\n<p class=\"sub_menu_margin\"><!--<a id=\"aMartos\" class=\"sub_menu\" href=\"?page_id=26\">Momentos<\/a>--><a id=\"aApresentacao\" class=\"sub_menu\" href=\"?page_id=161\">Apresenta\u00e7\u00e3o<\/a><a id=\"aMissao\" class=\"sub_menu\" href=\"?page_id=166\">Miss\u00e3o<\/a><a id=\"aVisao\" class=\"sub_menu\" href=\"?page_id=168\">Vis\u00e3o<\/a><a id=\"aValores\" class=\"sub_menu\" href=\"?page_id=170\">Valores<\/a><a id=\"aFicha\" class=\"sub_menu\" href=\"?page_id=1536\">Ficha do Projeto<\/a><\/p>\n<\/div>\n<\/div>\n<div class=\"container\">\n<div class=\"row text-center\" style=\"margin-top: 30px;\">\n<div class=\"col-md-12\"><img decoding=\"async\" src=\"https:\/\/www.martos.pt\/wp-content\/uploads\/POCentro_PT2020_FEDER_Bom.png\" width=\"800px\" \/><\/div>\n<\/div>\n<p><strong>SI Inova\u00e7\u00e3o<\/strong><br \/>\n<strong>Designa\u00e7\u00e3o do Projeto<\/strong>: Desenvolvimento e implementa\u00e7\u00e3o da malha cognitiva tecnol\u00f3gica da MARTOS<br \/>\n<strong>C\u00f3digo do Projeto<\/strong>: CENTRO-02-0853-FEDER-032808<br \/>\n<strong>Objetivo Principal<\/strong>: Refor\u00e7ar a competitividade das pequenas e m\u00e9dias empresas<br \/>\n<strong>Regi\u00e3o de Interven\u00e7\u00e3o<\/strong>: CENTRO<br \/>\n<strong>Entidade Benefici\u00e1ria<\/strong>: MARTOS &amp; COMPANHIA LDA<br \/>\n<strong>Data de Aprova\u00e7\u00e3o<\/strong>: 2017-11-07<br \/>\n<strong>Data de In\u00edcio<\/strong>: 2017-10-26<br \/>\n<strong>Data de Conclus\u00e3o<\/strong>: 2019-10-24<br \/>\n<strong>Custo Total Eleg\u00edvel<\/strong>: 761.484,61 Euros<br \/>\n<strong>Apoio Financeiro da Uni\u00e3o Europeia<\/strong>: 380.742,31 Euros &#8211; FEDER<\/p>\n<p><strong>Resumo do Projeto: <\/strong><br \/>\nA MARTOS &amp; COMPANHIA, LDA opera no \u00e2mbito do com\u00e9rcio e ind\u00fastria de madeiras, sendo que \u00e9 respons\u00e1vel por todo o processo de tratamento da mat\u00e9ria-prima \u2013 tendo como principal o pinho mar\u00edtimo de Leiria &#8211; desde o corte da \u00e1rvore at\u00e9 \u00e0 conce\u00e7\u00e3o e entrega das paletes, deck e demais produtos prontos.<\/p>\n<p>O projeto de investimento tem como objetivo dotar a MARTOS de ferramentas inovadoras que permitam avan\u00e7ar no sentido das exporta\u00e7\u00f5es e do acr\u00e9scimo de valor para a cadeia de valor alargada do setor, implementando maquinaria inovadora a que acresce o investimento na ind\u00fastria 4.0 aplicadas \u00e0 ind\u00fastria da serra\u00e7\u00e3o e madeiras, em concreto ao mais indispens\u00e1vel elemento de log\u00edstica 100% fabricado na MARTOS &#8211; as paletes. Todas as paletes MARTOS cumprem a Norma Internacional para Medidas Fitossanit\u00e1rias N\u00ba 15, sendo que as paletes s\u00e3o sujeitas ap\u00f3s produ\u00e7\u00e3o a um processo de choque t\u00e9rmico para inocula\u00e7\u00e3o do nem\u00e1todo do pinheiro impedindo assim a propaga\u00e7\u00e3o desta praga.<\/p>\n<p>A MARTOS tem como objetivo, atrav\u00e9s do projeto proposto, o desenvolvimento e implementa\u00e7\u00e3o de inova\u00e7\u00e3o tecnol\u00f3gica no setor da serra\u00e7\u00e3o e fabrica\u00e7\u00e3o de embalagens de madeira, criando, com base em software avan\u00e7ado uma malha cognitiva que assegure produtividade e sustentabilidade.<\/p>\n<\/div>\n<div class=\"row text-center\" style=\"margin-top: 15px;\">\n<div class=\"col-md-12\"><img loading=\"lazy\" decoding=\"async\" class=\"alignnone  wp-image-1848\" src=\"https:\/\/www.martos.pt\/wp-content\/uploads\/Modelos-Barras-FUNDOS-v04_3logos-FEDER.png\" alt=\"\" width=\"1084\" height=\"167\" srcset=\"https:\/\/www.martos.pt\/wp-content\/uploads\/Modelos-Barras-FUNDOS-v04_3logos-FEDER.png 5483w, https:\/\/www.martos.pt\/wp-content\/uploads\/Modelos-Barras-FUNDOS-v04_3logos-FEDER-600x92.png 600w, https:\/\/www.martos.pt\/wp-content\/uploads\/Modelos-Barras-FUNDOS-v04_3logos-FEDER-768x118.png 768w\" sizes=\"(max-width: 1084px) 100vw, 1084px\" \/><\/div>\n<\/div>\n<div class=\"container\">\n<p>Designa\u00e7\u00e3o do Projecto: Interconex\u00e3o e digitaliza\u00e7\u00e3o da informa\u00e7\u00e3o. Com\u00e9rcio eletr\u00f3nico<br \/>\n<strong>C\u00f3digo do Projecto:<\/strong> POCI-02-0853-FEDER-041545<br \/>\n<strong>N\u00ba do projeto:<\/strong> 41.545 &#8211; 29\/SI\/2018<br \/>\n<strong>Objectivo Principal:<\/strong> Refor\u00e7ar a competitividade das PME<br \/>\n<strong>Regi\u00e3o de Interven\u00e7\u00e3o:<\/strong> Centro<br \/>\n<strong>Entidade Benefici\u00e1ria:<\/strong> MARTOS &amp; COMPANHIA LDA<\/p>\n<p><strong>Data de aprova\u00e7\u00e3o:<\/strong> 12-02-2019<br \/>\n<strong>Data de in\u00edcio:<\/strong>\u00a026-02-2019<br \/>\n<strong>Data prevista de conclus\u00e3o:<\/strong> 25-02-2020<br \/>\n<strong>Custo total eleg\u00edvel:<\/strong> 10.000,00\u20ac<br \/>\n<strong>Apoio financeiro da uni\u00e3o europeia:<\/strong> FEDER no montante 7.500,00\u20ac<\/p>\n<p><strong>Objectivos, actividades e resultados esperados<\/strong><br \/>\nPara responder as suas necessidades em termos da conetividade e digitaliza\u00e7\u00e3o do neg\u00f3cio, a empresa pretende elaborar uma estrat\u00e9gia de integra\u00e7\u00e3o da gest\u00e3o de clientes atrav\u00e9s da plataforma CRM, de melhoria na presen\u00e7a de motores de busca e um plano de atua\u00e7\u00e3o para o Social Media Marketing.<br \/>\nOs sistemas a implementar com o atual projeto servir\u00e3o para a monitoriza\u00e7\u00e3o da produ\u00e7\u00e3o com a an\u00e1lise seguintes vari\u00e1veis: objectivo di\u00e1rio de produ\u00e7\u00e3o, diferen\u00e7a (entre o realizado no momento e o objectivo di\u00e1rio) e a produ\u00e7\u00e3o realizada em tempo real. Com a implementa\u00e7\u00e3o destes sistemas de monitoriza\u00e7\u00e3o a empresa ir\u00e1 acompanhar os n\u00edveis de produ\u00e7\u00e3o em tempo real nas quatro linhas de produ\u00e7\u00e3o (solu\u00e7\u00f5es em cloud e big data). O plano de a\u00e7\u00e3o a propor incluir\u00e1 solu\u00e7\u00f5es interconex\u00e3o dos sensores, com a an\u00e1lise de dados (big data) e sistemas de Machine-to-Machine ou Human-to-Machine.<\/p>\n<\/div>","protected":false},"excerpt":{"rendered":"<p>SI Inova\u00e7\u00e3o Designa\u00e7\u00e3o do Projeto: Desenvolvimento e implementa\u00e7\u00e3o da malha cognitiva tecnol\u00f3gica da MARTOS C\u00f3digo do Projeto: CENTRO-02-0853-FEDER-032808 Objetivo Principal: Refor\u00e7ar a competitividade das pequenas e m\u00e9dias empresas Regi\u00e3o de Interven\u00e7\u00e3o: CENTRO Entidade Benefici\u00e1ria: MARTOS &amp; COMPANHIA LDA Data de Aprova\u00e7\u00e3o: 2017-11-07 Data de In\u00edcio: 2017-10-26 Data de Conclus\u00e3o: 2019-10-24 Custo Total Eleg\u00edvel: 761.484,61 Euros [&hellip;]<\/p>","protected":false},"author":1,"featured_media":0,"parent":0,"menu_order":0,"comment_status":"closed","ping_status":"closed","template":"","meta":{"_mi_skip_tracking":false,"_monsterinsights_sitenote_active":false,"_monsterinsights_sitenote_note":"","_monsterinsights_sitenote_category":0,"footnotes":""},"aioseo_notices":[],"_links":{"self":[{"href":"https:\/\/www.martos.pt\/fr\/wp-json\/wp\/v2\/pages\/1536"}],"collection":[{"href":"https:\/\/www.martos.pt\/fr\/wp-json\/wp\/v2\/pages"}],"about":[{"href":"https:\/\/www.martos.pt\/fr\/wp-json\/wp\/v2\/types\/page"}],"author":[{"embeddable":true,"href":"https:\/\/www.martos.pt\/fr\/wp-json\/wp\/v2\/users\/1"}],"replies":[{"embeddable":true,"href":"https:\/\/www.martos.pt\/fr\/wp-json\/wp\/v2\/comments?post=1536"}],"version-history":[{"count":17,"href":"https:\/\/www.martos.pt\/fr\/wp-json\/wp\/v2\/pages\/1536\/revisions"}],"predecessor-version":[{"id":2297,"href":"https:\/\/www.martos.pt\/fr\/wp-json\/wp\/v2\/pages\/1536\/revisions\/2297"}],"wp:attachment":[{"href":"https:\/\/www.martos.pt\/fr\/wp-json\/wp\/v2\/media?parent=1536"}],"curies":[{"name":"wp","href":"https:\/\/api.w.org\/{rel}","templated":true}]}}