{"id":161,"date":"2017-05-03T13:42:16","date_gmt":"2017-05-03T13:42:16","guid":{"rendered":"http:\/\/servidorweb:8080\/martos\/?page_id=161"},"modified":"2021-10-18T16:01:19","modified_gmt":"2021-10-18T16:01:19","slug":"apresentacao","status":"publish","type":"page","link":"https:\/\/www.martos.pt\/fr\/apresentacao\/","title":{"rendered":"Apresenta\u00e7\u00e3o"},"content":{"rendered":"<div class=\"content_block\" id=\"custom_post_widget-232\"><div>\n<div class=\"line_green\"><\/div>\n<p class=\"sub_menu_margin\"><!--<a id=\"aMartos\" class=\"sub_menu\" href=\"?page_id=26\">Momentos<\/a>--><a id=\"aApresentacao\" class=\"sub_menu\" href=\"?page_id=161\">Apresenta\u00e7\u00e3o<\/a><a id=\"aMissao\" class=\"sub_menu\" href=\"?page_id=166\">Miss\u00e3o<\/a><a id=\"aVisao\" class=\"sub_menu\" href=\"?page_id=168\">Vis\u00e3o<\/a><a id=\"aValores\" class=\"sub_menu\" href=\"?page_id=170\">Valores<\/a><a id=\"aFicha\" class=\"sub_menu\" href=\"?page_id=1536\">Ficha do Projeto<\/a><\/p>\n<\/div>\n<\/div>\n<div class=\"container\">\n<h2>Apresenta\u00e7\u00e3o<\/h2>\n<p>A Martos \u00e9 uma refer\u00eancia na fileira florestal nacional tendo como atividades a explora\u00e7\u00e3o florestal, o com\u00e9rcio e transforma\u00e7\u00e3o de madeira e a produ\u00e7\u00e3o de paletes. Com um historial de atividade de mais de 30 anos (funda\u00e7\u00e3o em 1981), a Martos \u00e9 j\u00e1 neste momento uma refer\u00eancia nacional no mercado de madeiras, paletes e subprodutos.<\/p>\n<p>A organiza\u00e7\u00e3o pauta por um crescimento econ\u00f3mico sustentado e respons\u00e1vel apoiado na utiliza\u00e7\u00e3o dos recursos com base na Economia Circular nomeadamente pela pr\u00e1tica da refloresta\u00e7\u00e3o e gest\u00e3o florestal, pela transforma\u00e7\u00e3o e valoriza\u00e7\u00e3o de todos os seus subprodutos, pela produ\u00e7\u00e3o de biomassa para fins energ\u00e9ticos e na recupera\u00e7\u00e3o de produtos em fim de vida.<\/p>\n<p>A Martos &amp; C\u00aa, Lda declara o seu compromisso com a implementa\u00e7\u00e3o e manuten\u00e7\u00e3o do sistema de gest\u00e3o atendendo aos requisitos normativos das iniciativas de certifica\u00e7\u00e3o ISO 9001:2015, ISO 14001:2015, FSC (Forest Stewardship Council) e do PEFC (Programme for the Endorsement of Forest Certification schemes).<\/p>\n<\/div>","protected":false},"excerpt":{"rendered":"<p>Apresenta\u00e7\u00e3o A Martos \u00e9 uma refer\u00eancia na fileira florestal nacional tendo como atividades a explora\u00e7\u00e3o florestal, o com\u00e9rcio e transforma\u00e7\u00e3o de madeira e a produ\u00e7\u00e3o de paletes. Com um historial de atividade de mais de 30 anos (funda\u00e7\u00e3o em 1981), a Martos \u00e9 j\u00e1 neste momento uma refer\u00eancia nacional no mercado de madeiras, paletes e [&hellip;]<\/p>","protected":false},"author":1,"featured_media":0,"parent":0,"menu_order":0,"comment_status":"closed","ping_status":"closed","template":"","meta":{"_mi_skip_tracking":false,"_monsterinsights_sitenote_active":false,"_monsterinsights_sitenote_note":"","_monsterinsights_sitenote_category":0,"footnotes":""},"aioseo_notices":[],"_links":{"self":[{"href":"https:\/\/www.martos.pt\/fr\/wp-json\/wp\/v2\/pages\/161"}],"collection":[{"href":"https:\/\/www.martos.pt\/fr\/wp-json\/wp\/v2\/pages"}],"about":[{"href":"https:\/\/www.martos.pt\/fr\/wp-json\/wp\/v2\/types\/page"}],"author":[{"embeddable":true,"href":"https:\/\/www.martos.pt\/fr\/wp-json\/wp\/v2\/users\/1"}],"replies":[{"embeddable":true,"href":"https:\/\/www.martos.pt\/fr\/wp-json\/wp\/v2\/comments?post=161"}],"version-history":[{"count":8,"href":"https:\/\/www.martos.pt\/fr\/wp-json\/wp\/v2\/pages\/161\/revisions"}],"predecessor-version":[{"id":2229,"href":"https:\/\/www.martos.pt\/fr\/wp-json\/wp\/v2\/pages\/161\/revisions\/2229"}],"wp:attachment":[{"href":"https:\/\/www.martos.pt\/fr\/wp-json\/wp\/v2\/media?parent=161"}],"curies":[{"name":"wp","href":"https:\/\/api.w.org\/{rel}","templated":true}]}}