{"id":1643,"date":"2019-07-08T16:04:11","date_gmt":"2019-07-08T16:04:11","guid":{"rendered":"https:\/\/www.martos.pt\/?page_id=1643"},"modified":"2020-11-19T15:41:51","modified_gmt":"2020-11-19T15:41:51","slug":"politica-de-qualidade-e-ambiente","status":"publish","type":"page","link":"https:\/\/www.martos.pt\/fr\/politica-de-qualidade-e-ambiente\/","title":{"rendered":"Politique de qualit\u00e9 et d'environnement"},"content":{"rendered":"<div class=\"container\">\n<h2 style=\"text-align: center;\"><\/h2>\n<p style=\"font-weight: 400; text-align: justify;\">A\u00a0<strong>Martos<\/strong>\u00a0\u00e9 uma refer\u00eancia na fileira florestal nacional tendo como atividades a explora\u00e7\u00e3o florestal, o com\u00e9rcio e transforma\u00e7\u00e3o de madeira e a produ\u00e7\u00e3o de paletes. A organiza\u00e7\u00e3o pauta por um crescimento econ\u00f3mico sustentado e respons\u00e1vel apoiado na utiliza\u00e7\u00e3o dos recursos com base na Economia Circular nomeadamente pela pr\u00e1tica da refloresta\u00e7\u00e3o e gest\u00e3o florestal, pela transforma\u00e7\u00e3o e valoriza\u00e7\u00e3o de todos os seus subprodutos, pela produ\u00e7\u00e3o de biomassa para fins energ\u00e9ticos e na recupera\u00e7\u00e3o de produtos em fim de vida.<\/p>\n<p style=\"font-weight: 400; text-align: justify;\">A Pol\u00edtica de Qualidade e Ambiente foi elaborada com base em aspetos que consideramos fundamentais para nos posicionarmos no mercado num lugar de destaque tanto pela qualidade dos nossos produtos e servi\u00e7os, cumprindo as expectativas dos clientes e demais partes interessadas, assumindo uma postura empresarial de compromisso com a rentabilidade e o crescimento econ\u00f3mico-social e ambientalmente sustentado, mantendo o foco na melhoria cont\u00ednua dos nossos processos.<\/p>\n<p style=\"font-weight: 400; text-align: justify;\">Neste sentido a Empresa definiu a sua\u00a0<strong>Pol\u00edtica da Qualidade e Ambiente<\/strong>, assente nos seguintes pontos:<\/p>\n<ul style=\"text-align: justify;\">\n<li style=\"font-weight: 400;\">Promover o desenvolvimento cont\u00ednuo dos trabalhadores proporcionando-lhes a necess\u00e1ria forma\u00e7\u00e3o, condi\u00e7\u00f5es de trabalho, meios e responsabilidades, encorajando a iniciativa, a inova\u00e7\u00e3o, a produtividade e o empenho na concretiza\u00e7\u00e3o dos objetivos estrat\u00e9gicos da\u00a0<strong>Martos<\/strong>;<\/li>\n<li style=\"font-weight: 400;\">Estar atenta \u00e0s exig\u00eancias do mercado, satisfazer as expectativas dos Clientes, e demais partes interessadas;<\/li>\n<li style=\"font-weight: 400;\">Proporcionar aos seus Clientes produtos e servi\u00e7os dentro do prazo estabelecido e que satisfa\u00e7am as suas necessidades e expectativas, tendo sempre como objetivo aumentar o n\u00edvel de satisfa\u00e7\u00e3o;<\/li>\n<li style=\"font-weight: 400;\">Promover a melhoria cont\u00ednua do Sistema de Gest\u00e3o da Qualidade e Ambiente, minimizando os poss\u00edveis impactos ambientais decorrentes da atividade e promovendo a melhoria do desempenho ambiental da organiza\u00e7\u00e3o<strong>;<\/strong><\/li>\n<li style=\"font-weight: 400;\">Compromisso na prote\u00e7\u00e3o do ambiente, incluindo a preven\u00e7\u00e3o da polui\u00e7\u00e3o;<\/li>\n<li style=\"font-weight: 400;\">Monitorizar e controlar fontes de polui\u00e7\u00e3o minimizando os impactes resultantes e prevenindo a ocorr\u00eancia de acidentes ambientais;<\/li>\n<li style=\"font-weight: 400;\">Cumprir os requisitos legais e normativos, na \u00e1rea da Qualidade e Ambiente, requisitos t\u00e9cnicos e de mercado ou outros requisitos subscritos pela organiza\u00e7\u00e3o;<\/li>\n<li style=\"font-weight: 400;\">Desenvolver a sua atividade de forma sustent\u00e1vel baseada nos princ\u00edpios da Economia Circular e no cumprimento dos Objetivos de Desenvolvimento Sustent\u00e1vel, otimizando o consumo de recursos, valorizando os subprodutos e reduzindo os res\u00edduos \u2013 Aterro Zero;<\/li>\n<li style=\"font-weight: 400;\">Reduzir e controlar os consumos energ\u00e9ticos<strong>;<\/strong><\/li>\n<li style=\"font-weight: 400;\">Otimizar o consumo de mat\u00e9rias primas e a efici\u00eancia do processo produtivo;<\/li>\n<li style=\"font-weight: 400;\">Ampliar a produ\u00e7\u00e3o e a utiliza\u00e7\u00e3o das energias renov\u00e1veis nos processos produtivos;<\/li>\n<li style=\"font-weight: 400;\">Incentivar e manter boas pr\u00e1ticas ambientais sustent\u00e1veis no neg\u00f3cio e junto das partes interessadas;<\/li>\n<li style=\"font-weight: 400;\">Promover a\u00e7\u00f5es de sensibiliza\u00e7\u00e3o \u00e0 popula\u00e7\u00e3o, comunidade estudantil e outros para uma maior consciencializa\u00e7\u00e3o ambiental;<\/li>\n<li style=\"font-weight: 400;\">Apoiar associa\u00e7\u00f5es de caracter social, cultural e desportivo no desenvolvimento das suas atividades conducentes ao bem-estar das comunidades locais;<\/li>\n<li style=\"font-weight: 400;\">No \u00e2mbito do FSC (Forest Stewardship Council) e do PEFC (Programme for the Endorsement of Forest Certification schemes) a Martos assume o seu compromisso em n\u00e3o estar direta ou indiretamente envolvida nas seguintes atividades inaceit\u00e1veis:<\/li>\n<\/ul>\n<p style=\"font-weight: 400; text-align: justify; padding-left: 80px;\">o\u00a0\u00a0\u00a0Corte ilegal ou o com\u00e9rcio de madeira ou de produtos florestais ilegais;<\/p>\n<p style=\"font-weight: 400; text-align: justify; padding-left: 80px;\">o\u00a0\u00a0\u00a0Viola\u00e7\u00e3o dos direitos humanos e tradicionais em opera\u00e7\u00f5es florestais;<\/p>\n<p style=\"font-weight: 400; text-align: justify; padding-left: 80px;\">o\u00a0\u00a0\u00a0Destrui\u00e7\u00e3o de altos valores de conserva\u00e7\u00e3o em opera\u00e7\u00f5es florestais;<\/p>\n<p style=\"font-weight: 400; text-align: justify; padding-left: 80px;\">o\u00a0\u00a0\u00a0Convers\u00e3o significativa de florestas em planta\u00e7\u00f5es ou em outros usos n\u00e3o florestais;<\/p>\n<p style=\"font-weight: 400; text-align: justify; padding-left: 80px;\">o\u00a0\u00a0\u00a0Introdu\u00e7\u00e3o de organismos geneticamente modificados em opera\u00e7\u00f5es florestais;<\/p>\n<p style=\"font-weight: 400; text-align: justify; padding-left: 80px;\">o\u00a0\u00a0\u00a0Viola\u00e7\u00e3o de qualquer uma das principais conven\u00e7\u00f5es da OIT (Organiza\u00e7\u00e3o Internacional do Trabalho) como definido na Declara\u00e7\u00e3o Sobre Os Princ\u00edpios Fundamentais e Direitos no Trabalho da OIT.<\/p>\n<p style=\"font-weight: 400; text-align: justify;\">\n<p style=\"font-weight: 400; text-align: justify;\">A\u00a0<strong>Martos &amp; C\u00aa, Lda<\/strong>\u00a0declara o seu\u00a0<strong>compromisso<\/strong>\u00a0com a implementa\u00e7\u00e3o e manuten\u00e7\u00e3o do sistema de gest\u00e3o atendendo aos requisitos normativos das iniciativas de certifica\u00e7\u00e3o ISO 9001:2015, ISO 14001:2015, FSC (Forest Stewardship Council) e do PEFC (Programme for the Endorsement of Forest Certification schemes).<\/p>\n<p style=\"font-weight: 400; text-align: justify;\">Colmeias, 22\/10\/2020<\/p>\n<p style=\"font-weight: 400; text-align: justify;\">A Ger\u00eancia<\/p>\n<p style=\"font-weight: 400; text-align: justify;\">\n<p style=\"font-weight: 400; text-align: justify;\">\u00c2MBITO<\/p>\n<ul>\n<li style=\"font-weight: 400; text-align: justify;\">Desenvolvimento e produ\u00e7\u00e3o de paletes e embalagens em madeira;<\/li>\n<li style=\"font-weight: 400; text-align: justify;\">Produ\u00e7\u00e3o e comercializa\u00e7\u00e3o de madeiras de constru\u00e7\u00e3o (verde) e de carpintaria (seca);<\/li>\n<li style=\"font-weight: 400; text-align: justify;\">Produ\u00e7\u00e3o e comercializa\u00e7\u00e3o de subprodutos de serra\u00e7\u00e3o (casca, serrim,\u00a0 estilha, lenha e retestos);<\/li>\n<li style=\"font-weight: 400; text-align: justify;\">Explora\u00e7\u00e3o florestal.<\/li>\n<\/ul>\n<\/div>","protected":false},"excerpt":{"rendered":"<p>A\u00a0Martos\u00a0\u00e9 uma refer\u00eancia na fileira florestal nacional tendo como atividades a explora\u00e7\u00e3o florestal, o com\u00e9rcio e transforma\u00e7\u00e3o de madeira e a produ\u00e7\u00e3o de paletes. A organiza\u00e7\u00e3o pauta por um crescimento econ\u00f3mico sustentado e respons\u00e1vel apoiado na utiliza\u00e7\u00e3o dos recursos com base na Economia Circular nomeadamente pela pr\u00e1tica da refloresta\u00e7\u00e3o e gest\u00e3o florestal, pela transforma\u00e7\u00e3o e [&hellip;]<\/p>","protected":false},"author":1,"featured_media":0,"parent":0,"menu_order":0,"comment_status":"closed","ping_status":"closed","template":"","meta":{"_mi_skip_tracking":false,"_monsterinsights_sitenote_active":false,"_monsterinsights_sitenote_note":"","_monsterinsights_sitenote_category":0,"footnotes":""},"aioseo_notices":[],"_links":{"self":[{"href":"https:\/\/www.martos.pt\/fr\/wp-json\/wp\/v2\/pages\/1643"}],"collection":[{"href":"https:\/\/www.martos.pt\/fr\/wp-json\/wp\/v2\/pages"}],"about":[{"href":"https:\/\/www.martos.pt\/fr\/wp-json\/wp\/v2\/types\/page"}],"author":[{"embeddable":true,"href":"https:\/\/www.martos.pt\/fr\/wp-json\/wp\/v2\/users\/1"}],"replies":[{"embeddable":true,"href":"https:\/\/www.martos.pt\/fr\/wp-json\/wp\/v2\/comments?post=1643"}],"version-history":[{"count":5,"href":"https:\/\/www.martos.pt\/fr\/wp-json\/wp\/v2\/pages\/1643\/revisions"}],"predecessor-version":[{"id":2025,"href":"https:\/\/www.martos.pt\/fr\/wp-json\/wp\/v2\/pages\/1643\/revisions\/2025"}],"wp:attachment":[{"href":"https:\/\/www.martos.pt\/fr\/wp-json\/wp\/v2\/media?parent=1643"}],"curies":[{"name":"wp","href":"https:\/\/api.w.org\/{rel}","templated":true}]}}