{"id":166,"date":"2017-05-03T13:48:04","date_gmt":"2017-05-03T13:48:04","guid":{"rendered":"http:\/\/servidorweb:8080\/martos\/?page_id=166"},"modified":"2022-03-23T11:57:28","modified_gmt":"2022-03-23T11:57:28","slug":"missao","status":"publish","type":"page","link":"https:\/\/www.martos.pt\/fr\/missao\/","title":{"rendered":"Miss\u00e3o"},"content":{"rendered":"<div class=\"content_block\" id=\"custom_post_widget-232\"><div>\n<div class=\"line_green\"><\/div>\n<p class=\"sub_menu_margin\"><!--<a id=\"aMartos\" class=\"sub_menu\" href=\"?page_id=26\">Momentos<\/a>--><a id=\"aApresentacao\" class=\"sub_menu\" href=\"?page_id=161\">Apresenta\u00e7\u00e3o<\/a><a id=\"aMissao\" class=\"sub_menu\" href=\"?page_id=166\">Miss\u00e3o<\/a><a id=\"aVisao\" class=\"sub_menu\" href=\"?page_id=168\">Vis\u00e3o<\/a><a id=\"aValores\" class=\"sub_menu\" href=\"?page_id=170\">Valores<\/a><a id=\"aFicha\" class=\"sub_menu\" href=\"?page_id=1536\">Ficha do Projeto<\/a><\/p>\n<\/div>\n<\/div>\n<div class=\"container\">\n<h2>Miss\u00e3o<\/h2>\n<p>A nossa miss\u00e3o \u00e9 produzir paletes e pellets tendo por base os princ\u00edpios da economia circular.<\/p>\n<p>Queremos proporcionar aos nossos clientes a melhor experi\u00eancia ao usar as nossas paletes e os nossos pellets.<\/p>\n<p>O nosso comprometimento \u00e9 valorizar todos os sobrantes que resultam da produ\u00e7\u00e3o das paletes em novos materiais para a produ\u00e7\u00e3o de energia renov\u00e1vel.<\/p>\n<p>Garantir o uso integral de toda a mat\u00e9ria-prima que entra na Martos.<\/p>\n<\/div>","protected":false},"excerpt":{"rendered":"<p>Miss\u00e3o A nossa miss\u00e3o \u00e9 produzir paletes e pellets tendo por base os princ\u00edpios da economia circular. Queremos proporcionar aos nossos clientes a melhor experi\u00eancia ao usar as nossas paletes e os nossos pellets. O nosso comprometimento \u00e9 valorizar todos os sobrantes que resultam da produ\u00e7\u00e3o das paletes em novos materiais para a produ\u00e7\u00e3o de [&hellip;]<\/p>","protected":false},"author":1,"featured_media":0,"parent":0,"menu_order":0,"comment_status":"closed","ping_status":"closed","template":"","meta":{"_mi_skip_tracking":false,"_monsterinsights_sitenote_active":false,"_monsterinsights_sitenote_note":"","_monsterinsights_sitenote_category":0,"footnotes":""},"aioseo_notices":[],"_links":{"self":[{"href":"https:\/\/www.martos.pt\/fr\/wp-json\/wp\/v2\/pages\/166"}],"collection":[{"href":"https:\/\/www.martos.pt\/fr\/wp-json\/wp\/v2\/pages"}],"about":[{"href":"https:\/\/www.martos.pt\/fr\/wp-json\/wp\/v2\/types\/page"}],"author":[{"embeddable":true,"href":"https:\/\/www.martos.pt\/fr\/wp-json\/wp\/v2\/users\/1"}],"replies":[{"embeddable":true,"href":"https:\/\/www.martos.pt\/fr\/wp-json\/wp\/v2\/comments?post=166"}],"version-history":[{"count":5,"href":"https:\/\/www.martos.pt\/fr\/wp-json\/wp\/v2\/pages\/166\/revisions"}],"predecessor-version":[{"id":2341,"href":"https:\/\/www.martos.pt\/fr\/wp-json\/wp\/v2\/pages\/166\/revisions\/2341"}],"wp:attachment":[{"href":"https:\/\/www.martos.pt\/fr\/wp-json\/wp\/v2\/media?parent=166"}],"curies":[{"name":"wp","href":"https:\/\/api.w.org\/{rel}","templated":true}]}}