{"id":168,"date":"2017-05-03T13:48:24","date_gmt":"2017-05-03T13:48:24","guid":{"rendered":"http:\/\/servidorweb:8080\/martos\/?page_id=168"},"modified":"2019-12-06T15:52:34","modified_gmt":"2019-12-06T15:52:34","slug":"visao","status":"publish","type":"page","link":"https:\/\/www.martos.pt\/fr\/visao\/","title":{"rendered":"Vis\u00e3o"},"content":{"rendered":"<div class=\"content_block\" id=\"custom_post_widget-232\"><div>\n<div class=\"line_green\"><\/div>\n<p class=\"sub_menu_margin\"><!--<a id=\"aMartos\" class=\"sub_menu\" href=\"?page_id=26\">Momentos<\/a>--><a id=\"aApresentacao\" class=\"sub_menu\" href=\"?page_id=161\">Apresenta\u00e7\u00e3o<\/a><a id=\"aMissao\" class=\"sub_menu\" href=\"?page_id=166\">Miss\u00e3o<\/a><a id=\"aVisao\" class=\"sub_menu\" href=\"?page_id=168\">Vis\u00e3o<\/a><a id=\"aValores\" class=\"sub_menu\" href=\"?page_id=170\">Valores<\/a><a id=\"aFicha\" class=\"sub_menu\" href=\"?page_id=1536\">Ficha do Projeto<\/a><\/p>\n<\/div>\n<\/div>\n<div class=\"container\">\n<h2>Vis\u00e3o<\/h2>\n<p>A Martos quer ser reconhecida como uma empresa que faz da economia circular uma forma de se tornar mais sustent\u00e1vel, quer do ponto de vista econ\u00f3mico, ambiental e social.<\/p>\n<\/div>","protected":false},"excerpt":{"rendered":"<p>Vis\u00e3o A Martos quer ser reconhecida como uma empresa que faz da economia circular uma forma de se tornar mais sustent\u00e1vel, quer do ponto de vista econ\u00f3mico, ambiental e social.<\/p>","protected":false},"author":1,"featured_media":0,"parent":0,"menu_order":0,"comment_status":"closed","ping_status":"closed","template":"","meta":{"_mi_skip_tracking":false,"_monsterinsights_sitenote_active":false,"_monsterinsights_sitenote_note":"","_monsterinsights_sitenote_category":0,"footnotes":""},"aioseo_notices":[],"_links":{"self":[{"href":"https:\/\/www.martos.pt\/fr\/wp-json\/wp\/v2\/pages\/168"}],"collection":[{"href":"https:\/\/www.martos.pt\/fr\/wp-json\/wp\/v2\/pages"}],"about":[{"href":"https:\/\/www.martos.pt\/fr\/wp-json\/wp\/v2\/types\/page"}],"author":[{"embeddable":true,"href":"https:\/\/www.martos.pt\/fr\/wp-json\/wp\/v2\/users\/1"}],"replies":[{"embeddable":true,"href":"https:\/\/www.martos.pt\/fr\/wp-json\/wp\/v2\/comments?post=168"}],"version-history":[{"count":6,"href":"https:\/\/www.martos.pt\/fr\/wp-json\/wp\/v2\/pages\/168\/revisions"}],"predecessor-version":[{"id":1842,"href":"https:\/\/www.martos.pt\/fr\/wp-json\/wp\/v2\/pages\/168\/revisions\/1842"}],"wp:attachment":[{"href":"https:\/\/www.martos.pt\/fr\/wp-json\/wp\/v2\/media?parent=168"}],"curies":[{"name":"wp","href":"https:\/\/api.w.org\/{rel}","templated":true}]}}