{"id":170,"date":"2017-05-03T13:49:19","date_gmt":"2017-05-03T13:49:19","guid":{"rendered":"http:\/\/servidorweb:8080\/martos\/?page_id=170"},"modified":"2017-05-04T09:47:31","modified_gmt":"2017-05-04T09:47:31","slug":"valores","status":"publish","type":"page","link":"https:\/\/www.martos.pt\/fr\/valores\/","title":{"rendered":"Valores"},"content":{"rendered":"<div class=\"content_block\" id=\"custom_post_widget-232\"><div>\n<div class=\"line_green\"><\/div>\n<p class=\"sub_menu_margin\"><!--<a id=\"aMartos\" class=\"sub_menu\" href=\"?page_id=26\">Momentos<\/a>--><a id=\"aApresentacao\" class=\"sub_menu\" href=\"?page_id=161\">Apresenta\u00e7\u00e3o<\/a><a id=\"aMissao\" class=\"sub_menu\" href=\"?page_id=166\">Miss\u00e3o<\/a><a id=\"aVisao\" class=\"sub_menu\" href=\"?page_id=168\">Vis\u00e3o<\/a><a id=\"aValores\" class=\"sub_menu\" href=\"?page_id=170\">Valores<\/a><a id=\"aFicha\" class=\"sub_menu\" href=\"?page_id=1536\">Ficha do Projeto<\/a><\/p>\n<\/div>\n<\/div>\n<div class=\"container\">\n<h2>Valores<\/h2>\n<ul>\n<li>Orienta\u00e7\u00e3o para o cliente: satisfa\u00e7\u00e3o integral das suas necessidades;<\/li>\n<li>Excel\u00eancia de produ\u00e7\u00e3o: efic\u00e1cia e efici\u00eancia ao servi\u00e7o da unidade produtiva;<\/li>\n<li>Responsabilidade ambiental: refloresta\u00e7\u00e3o das zonas intervencionadas;<\/li>\n<li>Just-in-time: Filosofia de entrega cientificamente ajustada ao pedido do cliente.<\/li>\n<\/ul>\n<\/div>","protected":false},"excerpt":{"rendered":"<p>Valores Orienta\u00e7\u00e3o para o cliente: satisfa\u00e7\u00e3o integral das suas necessidades; Excel\u00eancia de produ\u00e7\u00e3o: efic\u00e1cia e efici\u00eancia ao servi\u00e7o da unidade produtiva; Responsabilidade ambiental: refloresta\u00e7\u00e3o das zonas intervencionadas; Just-in-time: Filosofia de entrega cientificamente ajustada ao pedido do cliente.<\/p>","protected":false},"author":1,"featured_media":0,"parent":0,"menu_order":0,"comment_status":"closed","ping_status":"closed","template":"","meta":{"_mi_skip_tracking":false,"_monsterinsights_sitenote_active":false,"_monsterinsights_sitenote_note":"","_monsterinsights_sitenote_category":0,"footnotes":""},"aioseo_notices":[],"_links":{"self":[{"href":"https:\/\/www.martos.pt\/fr\/wp-json\/wp\/v2\/pages\/170"}],"collection":[{"href":"https:\/\/www.martos.pt\/fr\/wp-json\/wp\/v2\/pages"}],"about":[{"href":"https:\/\/www.martos.pt\/fr\/wp-json\/wp\/v2\/types\/page"}],"author":[{"embeddable":true,"href":"https:\/\/www.martos.pt\/fr\/wp-json\/wp\/v2\/users\/1"}],"replies":[{"embeddable":true,"href":"https:\/\/www.martos.pt\/fr\/wp-json\/wp\/v2\/comments?post=170"}],"version-history":[{"count":3,"href":"https:\/\/www.martos.pt\/fr\/wp-json\/wp\/v2\/pages\/170\/revisions"}],"predecessor-version":[{"id":274,"href":"https:\/\/www.martos.pt\/fr\/wp-json\/wp\/v2\/pages\/170\/revisions\/274"}],"wp:attachment":[{"href":"https:\/\/www.martos.pt\/fr\/wp-json\/wp\/v2\/media?parent=170"}],"curies":[{"name":"wp","href":"https:\/\/api.w.org\/{rel}","templated":true}]}}