{"id":24,"date":"2017-04-28T15:54:23","date_gmt":"2017-04-28T15:54:23","guid":{"rendered":"http:\/\/servidorweb:8080\/martos\/?page_id=24"},"modified":"2023-08-29T10:07:57","modified_gmt":"2023-08-29T10:07:57","slug":"inicio","status":"publish","type":"page","link":"https:\/\/www.martos.pt\/fr\/","title":{"rendered":"ACCUEIL"},"content":{"rendered":"<div class=\"container\">\n<div class=\"g-grid\">\n<div class=\"size-10\"><\/div>\n<div class=\"size-40 container-menu-inicio\">\n<p><a href=\"https:\/\/www.martos.pt\/pellets-produtos\/\"><img decoding=\"async\" src=\"\/images\/pellets.png\"><\/a><\/p>\n<p><a href=\"https:\/\/www.martos.pt\/pellets-produtos\/\"><\/a><\/p>\n<p><a href=\"https:\/\/www.martos.pt\/pellets-produtos\/\"><\/a><\/p>\n<p><a href=\"https:\/\/www.martos.pt\/pellets-produtos\/\"><\/p>\n<div class=\"overlay-menu-inicio\">\n<h1 class=\"text_menu\">Pellets<\/h1>\n<\/div>\n<p><\/a><a href=\"https:\/\/www.martos.pt\/pellets-produtos\/\"><\/a><a href=\"https:\/\/www.martos.pt\/pellets-produtos\/\"><\/a><a href=\"https:\/\/www.martos.pt\/pellets-produtos\/\"><\/a><\/p>\n<\/div>\n<div class=\"size-40 container-menu-inicio\">\n<p><a href=\"https:\/\/www.martos.pt\/paletes-produtos\/\"><img decoding=\"async\" src=\"\/images\/palete4entradas.png\"><\/a><\/p>\n<p><a href=\"https:\/\/www.martos.pt\/paletes-produtos\/\"><\/a><\/p>\n<p><a href=\"https:\/\/www.martos.pt\/paletes-produtos\/\"><\/a><\/p>\n<p><a href=\"https:\/\/www.martos.pt\/paletes-produtos\/\"><\/p>\n<div class=\"overlay-menu-inicio\">\n<div class=\"text_menu\">Palettes<\/div>\n<\/div>\n<p><\/a><a href=\"https:\/\/www.martos.pt\/paletes-produtos\/\"><\/a><a href=\"https:\/\/www.martos.pt\/paletes-produtos\/\"><\/a><\/p>\n<\/div>\n<p><a href=\"https:\/\/www.martos.pt\/paletes-produtos\/\"><br \/>\n<\/a><a href=\"https:\/\/www.martos.pt\/paletes-produtos\/\"><\/a><\/p>\n<div class=\"size-10\"><\/div>\n<\/div>\n<h2 class=\"margin_news\">Actualit\u00e9s<\/h2>\n\t<div class=\"wpnawfree-plugin news-clearfix\" id=\"wpnw-news-1\">\r\n\r\n\t\t\r\n\t\t\t<div id=\"post-3767\" class=\"news type-news wpnaw-blog-class has-no-date news-col-4 wpnaw-first\">\r\n\t\t\t\t<div class=\"news-inner-wrap-view news-clearfix\">\r\n\r\n\t\t\t\t\t\t\t\t\t\t<div class=\"news-thumb\">\r\n\t\t\t\t\t\t\t\t\t\t\t\t\t<div class=\"grid-news-thumb\">\r\n\t\t\t\t\t\t\t\t<a href=\"https:\/\/www.martos.pt\/fr\/news\/padeiros-atentos-aos-custos-pellets-martos-sao-a-solucao\/\"><img loading=\"lazy\" decoding=\"async\" width=\"768\" height=\"1229\" src=\"https:\/\/www.martos.pt\/wp-content\/uploads\/Forno-de-Padaria-a-Pellets-768x1229.webp\" class=\"attachment-medium_large size-medium_large wp-post-image\" alt=\"\" srcset=\"https:\/\/www.martos.pt\/wp-content\/uploads\/Forno-de-Padaria-a-Pellets-768x1229.webp 768w, https:\/\/www.martos.pt\/wp-content\/uploads\/Forno-de-Padaria-a-Pellets-8x12.webp 8w, https:\/\/www.martos.pt\/wp-content\/uploads\/Forno-de-Padaria-a-Pellets-600x960.webp 600w, https:\/\/www.martos.pt\/wp-content\/uploads\/Forno-de-Padaria-a-Pellets.webp 800w\" sizes=\"(max-width: 768px) 100vw, 768px\" \/><\/a>\r\n\t\t\t\t\t\t\t<\/div>\r\n\t\t\t\t\t\t\t\t\t\t\t<\/div>\r\n\t\t\t\t\t\r\n\t\t\t\t\t<div class=\"news-content\">\r\n\t\t\t\t\t\t\t\t\t\t\t\t\t<div class=\"grid-date-post\">\r\n\t\t\t\t\t\t\t\t\t\t\t\t\t\t\t<\/div>\r\n\t\t\t\t\t\t\r\n\t\t\t\t\t\t<div class=\"post-content-text\">\r\n\t\t\t\t\t\t\t<h3 class=\"news-title\"><a href=\"https:\/\/www.martos.pt\/fr\/news\/padeiros-atentos-aos-custos-pellets-martos-sao-a-solucao\/\" rel=\"bookmark\">Padeiros atentos aos CUSTOS? PELLETS Martos s\u00e3o a Solu\u00e7\u00e3o.<\/a><\/h3>\t\t\t\t\t\t<\/div>\r\n\t\t\t\t\t<\/div>\r\n\t\t\t\t<\/div><!-- #post-## -->\r\n\t\t\t<\/div><!-- #post-## -->\r\n\t\t\r\n\t\t\t<div id=\"post-1988\" class=\"news type-news wpnaw-blog-class has-no-date news-col-4\">\r\n\t\t\t\t<div class=\"news-inner-wrap-view news-clearfix\">\r\n\r\n\t\t\t\t\t\t\t\t\t\t<div class=\"news-thumb\">\r\n\t\t\t\t\t\t\t\t\t\t\t\t\t<div class=\"grid-news-thumb\">\r\n\t\t\t\t\t\t\t\t<a href=\"https:\/\/www.martos.pt\/fr\/news\/nova-loja-dos-pellets-na-fabrica-martos\/\"><img loading=\"lazy\" decoding=\"async\" width=\"768\" height=\"524\" src=\"https:\/\/www.martos.pt\/wp-content\/uploads\/loja-da-fabrica-destaque-noticia-768x524.jpg\" class=\"attachment-medium_large size-medium_large wp-post-image\" alt=\"Loja da F\u00e1brica Pellets - Frente3\" srcset=\"https:\/\/www.martos.pt\/wp-content\/uploads\/loja-da-fabrica-destaque-noticia-768x524.jpg 768w, https:\/\/www.martos.pt\/wp-content\/uploads\/loja-da-fabrica-destaque-noticia-600x410.jpg 600w\" sizes=\"(max-width: 768px) 100vw, 768px\" \/><\/a>\r\n\t\t\t\t\t\t\t<\/div>\r\n\t\t\t\t\t\t\t\t\t\t\t<\/div>\r\n\t\t\t\t\t\r\n\t\t\t\t\t<div class=\"news-content\">\r\n\t\t\t\t\t\t\t\t\t\t\t\t\t<div class=\"grid-date-post\">\r\n\t\t\t\t\t\t\t\t\t\t\t\t\t\t\t<\/div>\r\n\t\t\t\t\t\t\r\n\t\t\t\t\t\t<div class=\"post-content-text\">\r\n\t\t\t\t\t\t\t<h3 class=\"news-title\"><a href=\"https:\/\/www.martos.pt\/fr\/news\/nova-loja-dos-pellets-na-fabrica-martos\/\" rel=\"bookmark\">Nova Loja dos Pellets Martos<\/a><\/h3>\t\t\t\t\t\t<\/div>\r\n\t\t\t\t\t<\/div>\r\n\t\t\t\t<\/div><!-- #post-## -->\r\n\t\t\t<\/div><!-- #post-## -->\r\n\t\t\r\n\t\t\t<div id=\"post-1982\" class=\"news type-news wpnaw-blog-class has-no-date news-col-4\">\r\n\t\t\t\t<div class=\"news-inner-wrap-view news-clearfix\">\r\n\r\n\t\t\t\t\t\t\t\t\t\t<div class=\"news-thumb\">\r\n\t\t\t\t\t\t\t\t\t\t\t\t\t<div class=\"grid-news-thumb\">\r\n\t\t\t\t\t\t\t\t<a href=\"https:\/\/www.martos.pt\/fr\/news\/martos-oferece-pellets\/\"><img loading=\"lazy\" decoding=\"async\" width=\"768\" height=\"482\" src=\"https:\/\/www.martos.pt\/wp-content\/uploads\/MARTOS-OFERECE-PELLETS-AOS-BOMBEIROS-DE-MOSCAVIDE-E-PORTELA-1-768x482.jpg\" class=\"attachment-medium_large size-medium_large wp-post-image\" alt=\"Martos Pellets Bombeiros\" srcset=\"https:\/\/www.martos.pt\/wp-content\/uploads\/MARTOS-OFERECE-PELLETS-AOS-BOMBEIROS-DE-MOSCAVIDE-E-PORTELA-1-768x482.jpg 768w, https:\/\/www.martos.pt\/wp-content\/uploads\/MARTOS-OFERECE-PELLETS-AOS-BOMBEIROS-DE-MOSCAVIDE-E-PORTELA-1-600x376.jpg 600w, https:\/\/www.martos.pt\/wp-content\/uploads\/MARTOS-OFERECE-PELLETS-AOS-BOMBEIROS-DE-MOSCAVIDE-E-PORTELA-1.jpg 960w\" sizes=\"(max-width: 768px) 100vw, 768px\" \/><\/a>\r\n\t\t\t\t\t\t\t<\/div>\r\n\t\t\t\t\t\t\t\t\t\t\t<\/div>\r\n\t\t\t\t\t\r\n\t\t\t\t\t<div class=\"news-content\">\r\n\t\t\t\t\t\t\t\t\t\t\t\t\t<div class=\"grid-date-post\">\r\n\t\t\t\t\t\t\t\t\t\t\t\t\t\t\t<\/div>\r\n\t\t\t\t\t\t\r\n\t\t\t\t\t\t<div class=\"post-content-text\">\r\n\t\t\t\t\t\t\t<h3 class=\"news-title\"><a href=\"https:\/\/www.martos.pt\/fr\/news\/martos-oferece-pellets\/\" rel=\"bookmark\">Martos Oferece Pellets a Bombeiros<\/a><\/h3>\t\t\t\t\t\t<\/div>\r\n\t\t\t\t\t<\/div>\r\n\t\t\t\t<\/div><!-- #post-## -->\r\n\t\t\t<\/div><!-- #post-## -->\r\n\t\t\r\n\t\t\t<div id=\"post-1977\" class=\"news type-news wpnaw-blog-class has-no-date news-col-4 wpnaw-last\">\r\n\t\t\t\t<div class=\"news-inner-wrap-view news-clearfix\">\r\n\r\n\t\t\t\t\t\t\t\t\t\t<div class=\"news-thumb\">\r\n\t\t\t\t\t\t\t\t\t\t\t\t\t<div class=\"grid-news-thumb\">\r\n\t\t\t\t\t\t\t\t<a href=\"https:\/\/www.martos.pt\/fr\/news\/aposta-da-martos-na-economia-circular-em-destaque-na-revista-desafios\/\"><img loading=\"lazy\" decoding=\"async\" width=\"423\" height=\"578\" src=\"https:\/\/www.martos.pt\/wp-content\/uploads\/Martos_desafios.png\" class=\"attachment-medium_large size-medium_large wp-post-image\" alt=\"Martos na revista desfios\" \/><\/a>\r\n\t\t\t\t\t\t\t<\/div>\r\n\t\t\t\t\t\t\t\t\t\t\t<\/div>\r\n\t\t\t\t\t\r\n\t\t\t\t\t<div class=\"news-content\">\r\n\t\t\t\t\t\t\t\t\t\t\t\t\t<div class=\"grid-date-post\">\r\n\t\t\t\t\t\t\t\t\t\t\t\t\t\t\t<\/div>\r\n\t\t\t\t\t\t\r\n\t\t\t\t\t\t<div class=\"post-content-text\">\r\n\t\t\t\t\t\t\t<h3 class=\"news-title\"><a href=\"https:\/\/www.martos.pt\/fr\/news\/aposta-da-martos-na-economia-circular-em-destaque-na-revista-desafios\/\" rel=\"bookmark\">A Martos na revista Desafios<\/a><\/h3>\t\t\t\t\t\t<\/div>\r\n\t\t\t\t\t<\/div>\r\n\t\t\t\t<\/div><!-- #post-## -->\r\n\t\t\t<\/div><!-- #post-## -->\r\n\t\t\t\t\t<div class=\"news_pagination wpnw-numeric\">\r\n\t\t\t\t<span aria-current=\"page\" class=\"page-numbers current\">1<\/span>\n<a class=\"page-numbers\" href=\"https:\/\/www.martos.pt\/fr\/wp-json\/wp\/v2\/pages\/24\/page\/2\/#wpnw-news-1\">2<\/a>\n<a class=\"page-numbers\" href=\"https:\/\/www.martos.pt\/fr\/wp-json\/wp\/v2\/pages\/24\/page\/3\/#wpnw-news-1\">3<\/a>\n<a class=\"page-numbers\" href=\"https:\/\/www.martos.pt\/fr\/wp-json\/wp\/v2\/pages\/24\/page\/4\/#wpnw-news-1\">4<\/a>\n<a class=\"next page-numbers\" href=\"https:\/\/www.martos.pt\/fr\/wp-json\/wp\/v2\/pages\/24\/page\/2\/#wpnw-news-1\">Suivante &raquo;<\/a>\t\t\t<\/div>\r\n\t\t\t<\/div>\r\n\r\n\t\n<\/div>","protected":false},"excerpt":{"rendered":"<p>Pellets Paletes Noticias<\/p>","protected":false},"author":1,"featured_media":0,"parent":0,"menu_order":0,"comment_status":"closed","ping_status":"closed","template":"","meta":{"_mi_skip_tracking":false,"_monsterinsights_sitenote_active":false,"_monsterinsights_sitenote_note":"","_monsterinsights_sitenote_category":0,"footnotes":""},"aioseo_notices":[],"_links":{"self":[{"href":"https:\/\/www.martos.pt\/fr\/wp-json\/wp\/v2\/pages\/24"}],"collection":[{"href":"https:\/\/www.martos.pt\/fr\/wp-json\/wp\/v2\/pages"}],"about":[{"href":"https:\/\/www.martos.pt\/fr\/wp-json\/wp\/v2\/types\/page"}],"author":[{"embeddable":true,"href":"https:\/\/www.martos.pt\/fr\/wp-json\/wp\/v2\/users\/1"}],"replies":[{"embeddable":true,"href":"https:\/\/www.martos.pt\/fr\/wp-json\/wp\/v2\/comments?post=24"}],"version-history":[{"count":77,"href":"https:\/\/www.martos.pt\/fr\/wp-json\/wp\/v2\/pages\/24\/revisions"}],"predecessor-version":[{"id":3168,"href":"https:\/\/www.martos.pt\/fr\/wp-json\/wp\/v2\/pages\/24\/revisions\/3168"}],"wp:attachment":[{"href":"https:\/\/www.martos.pt\/fr\/wp-json\/wp\/v2\/media?parent=24"}],"curies":[{"name":"wp","href":"https:\/\/api.w.org\/{rel}","templated":true}]}}