{"id":2909,"date":"2023-02-03T12:22:57","date_gmt":"2023-02-03T12:22:57","guid":{"rendered":"https:\/\/www.martos.pt\/?page_id=2909"},"modified":"2023-02-15T16:57:40","modified_gmt":"2023-02-15T16:57:40","slug":"paletes","status":"publish","type":"page","link":"https:\/\/www.martos.pt\/fr\/paletes\/","title":{"rendered":"Paletes? Martos\u00ae a Escolha Ideal para o Seu Neg\u00f3cio"},"content":{"rendered":"<div class=\"container\">\n<h2 id=\"block-bb776339-ed07-4db4-976e-dd93dcaf7e56\" class=\"block-editor-rich-text__editable block-editor-block-list__block wp-block rich-text\" tabindex=\"0\" role=\"group\" aria-multiline=\"true\" aria-label=\"Bloco: T\u00edtulo\" data-block=\"bb776339-ed07-4db4-976e-dd93dcaf7e56\" data-type=\"core\/heading\" data-title=\"T\u00edtulo\">As <strong>paletes<\/strong> s\u00e3o um elemento fundamental para a movimenta\u00e7\u00e3o de mercadorias.<img loading=\"lazy\" decoding=\"async\" class=\"wp-image-2914 size-full aligncenter\" title=\"Paletes Martos carimbo da Marca \" src=\"https:\/\/www.martos.pt\/wp-content\/uploads\/palete-martos-1.png\" alt=\"Paletes-Martos\" width=\"500\" height=\"300\" srcset=\"https:\/\/www.martos.pt\/wp-content\/uploads\/palete-martos-1.png 500w, https:\/\/www.martos.pt\/wp-content\/uploads\/palete-martos-1-100x60.png 100w\" sizes=\"(max-width: 500px) 100vw, 500px\" \/><\/h2>\n<div>\n<div class=\"edit-post-visual-editor__post-title-wrapper\">\n<div class=\"wp-block editor-post-title editor-post-title__block\"><span style=\"font-size: inherit;\">\u00c9 importante escolher paletes de qualidade para garantir a seguran\u00e7a dos produtos e a efici\u00eancia do transporte.<\/span><\/div>\n<div class=\"wp-block editor-post-title editor-post-title__block\"><span style=\"font-size: inherit;\">Na <\/span><strong style=\"font-size: inherit;\">Martos<\/strong><span style=\"font-size: inherit;\">, produzimos <\/span><strong style=\"font-size: inherit;\">paletes<\/strong><span style=\"font-size: inherit;\"> de pinho mar\u00edtimo tratadas e certificadas, adaptam-se perfeitamente \u00e0s necessidades do seu neg\u00f3cio.<\/span><\/div>\n<\/div>\n<div>\n<div class=\"block-editor-block-list__layout is-root-container\">\n<h2 id=\"block-32b6268c-507e-4257-a184-f70f79d36b07\" class=\"block-editor-rich-text__editable block-editor-block-list__block wp-block rich-text\" tabindex=\"0\" role=\"group\" aria-multiline=\"true\" aria-label=\"Bloco: T\u00edtulo\" data-block=\"32b6268c-507e-4257-a184-f70f79d36b07\" data-type=\"core\/heading\" data-title=\"T\u00edtulo\">Caracter\u00edsticas das Paletes Martos<\/h2>\n<ul id=\"block-dfee6723-e449-43c3-b84a-57046517979f\" class=\"block-editor-rich-text__editable block-editor-block-list__block wp-block rich-text\" tabindex=\"0\" role=\"group\" aria-multiline=\"true\" aria-label=\"Bloco: Lista\" data-block=\"dfee6723-e449-43c3-b84a-57046517979f\" data-type=\"core\/list\" data-title=\"Lista\">\n<li>Madeira de Pinho Mar\u00edtimo: conhecida por ser resistente e dur\u00e1vel, \u00e9 ideal para o fabrico de paletes. \u00c9 uma mat\u00e9ria-prima renov\u00e1vel e sustent\u00e1vel, fator importante para quem procura solu\u00e7\u00f5es ecologicamente corretas.<\/li>\n<li>Tratadas e Certificadas: As paletes Martos s\u00e3o tratadas e certificadas, garantimos a qualidade e seguran\u00e7a na manipula\u00e7\u00e3o e transporte de mercadorias. S\u00e3o submetidas a rigorosos controlos de qualidade antes de serem colocadas no mercado, garantindo a sua durabilidade e resist\u00eancia.<\/li>\n<\/ul>\n<h2 id=\"block-430d5e26-a575-4ddf-81b0-ee40615a695e\" class=\"block-editor-rich-text__editable block-editor-block-list__block wp-block rich-text\" tabindex=\"0\" role=\"group\" aria-multiline=\"true\" aria-label=\"Bloco: T\u00edtulo\" data-block=\"430d5e26-a575-4ddf-81b0-ee40615a695e\" data-type=\"core\/heading\" data-title=\"T\u00edtulo\">As Vantagens das Paletes de Pinho Mar\u00edtimo da Martos<\/h2>\n<ul id=\"block-befa1d4c-7057-4077-b799-4e7cea1689b6\" class=\"block-editor-rich-text__editable block-editor-block-list__block wp-block rich-text\" tabindex=\"0\" role=\"group\" aria-multiline=\"true\" aria-label=\"Bloco: Lista\" data-block=\"befa1d4c-7057-4077-b799-4e7cea1689b6\" data-type=\"core\/list\" data-title=\"Lista\">\n<li>Durabilidade: As nossas paletes s\u00e3o fabricadas com pinho mar\u00edtimo de alta qualidade, garantindo uma longa vida \u00fatil e resist\u00eancia ao desgaste.<\/li>\n<li>Ecologicamente correto: O pinho mar\u00edtimo \u00e9 uma madeira natural e renov\u00e1vel, tornando as nossas paletes uma escolha ecologicamente correta.<\/li>\n<li>Flexibilidade: Podem ser usadas em v\u00e1rios setores, incluindo agr\u00edcola, alimentar, qu\u00edmico e de constru\u00e7\u00e3o.<\/li>\n<li>F\u00e1ceis de manusear: As paletes s\u00e3o projetadas para serem leves e f\u00e1ceis de manusear, o que aumenta a efici\u00eancia do trabalho.<\/li>\n<li>Tratadas e Certificadas: As nossas paletes s\u00e3o tratadas e certificadas, garantindo a seguran\u00e7a dos produtos bem como a prote\u00e7\u00e3o do meio ambiente.<img loading=\"lazy\" decoding=\"async\" class=\"wp-image-2916 size-full aligncenter\" title=\"Madeira de Pinho tratado para Paletes\" src=\"https:\/\/www.martos.pt\/wp-content\/uploads\/madeira-pinho-paletes-martos.png\" alt=\"Madeira-pinho-tratada-paletes\" width=\"500\" height=\"300\" srcset=\"https:\/\/www.martos.pt\/wp-content\/uploads\/madeira-pinho-paletes-martos.png 500w, https:\/\/www.martos.pt\/wp-content\/uploads\/madeira-pinho-paletes-martos-100x60.png 100w\" sizes=\"(max-width: 500px) 100vw, 500px\" \/><\/li>\n<\/ul>\n<h2 id=\"block-2b21681e-b87a-44a1-b675-2392f987a1c2\" class=\"block-editor-rich-text__editable block-editor-block-list__block wp-block rich-text\" tabindex=\"0\" role=\"group\" aria-multiline=\"true\" aria-label=\"Bloco: T\u00edtulo\" data-block=\"2b21681e-b87a-44a1-b675-2392f987a1c2\" data-type=\"core\/heading\" data-title=\"T\u00edtulo\">Benef\u00edcios da Utiliza\u00e7\u00e3o de Paletes Martos em Madeira de Pinho Mar\u00edtimo<\/h2>\n<p id=\"block-674fa923-cbab-4c11-9f98-1a6940924707\" class=\"block-editor-rich-text__editable block-editor-block-list__block wp-block rich-text\" tabindex=\"0\" role=\"group\" aria-multiline=\"true\" aria-label=\"Bloco de par\u00e1grafo\" data-block=\"674fa923-cbab-4c11-9f98-1a6940924707\" data-type=\"core\/paragraph\" data-title=\"Par\u00e1grafo\">A utiliza\u00e7\u00e3o de paletes Martos \u00e9 op\u00e7\u00e3o em diversos setores, tais como a constru\u00e7\u00e3o civil, a ind\u00fastria, o com\u00e9rcio, entre outros.<\/p>\n<p id=\"block-467b3bf1-ec2b-4baf-be7c-5e6ccafd067c\" class=\"block-editor-rich-text__editable block-editor-block-list__block wp-block rich-text\" tabindex=\"0\" role=\"group\" aria-multiline=\"true\" aria-label=\"Bloco de par\u00e1grafo\" data-block=\"467b3bf1-ec2b-4baf-be7c-5e6ccafd067c\" data-type=\"core\/paragraph\" data-title=\"Par\u00e1grafo\">Na Martos fabricamos paletes em pinho mar\u00edtimo de alta qualidade, tratado e certificado, garantindo a seguran\u00e7a e a durabilidade dos nossos produtos.<\/p>\n<p id=\"block-ddfb4b9a-196f-4016-b640-4dd0ab2c5799\" class=\"block-editor-rich-text__editable block-editor-block-list__block wp-block rich-text\" tabindex=\"0\" role=\"group\" aria-multiline=\"true\" aria-label=\"Bloco de par\u00e1grafo\" data-block=\"ddfb4b9a-196f-4016-b640-4dd0ab2c5799\" data-type=\"core\/paragraph\" data-title=\"Par\u00e1grafo\">Confira os principais benef\u00edcios da utiliza\u00e7\u00e3o das paletes Martos:<\/p>\n<p id=\"block-bb6e53a3-daf2-42d0-9490-e5bc425f865c\" class=\"block-editor-rich-text__editable block-editor-block-list__block wp-block rich-text\" tabindex=\"0\" role=\"group\" aria-multiline=\"true\" aria-label=\"Bloco de par\u00e1grafo\" data-block=\"bb6e53a3-daf2-42d0-9490-e5bc425f865c\" data-type=\"core\/paragraph\" data-title=\"Par\u00e1grafo\"><strong>Seguran\u00e7a<\/strong><\/p>\n<ol id=\"block-514c90e6-c71c-41e1-a789-61d08997c526\" class=\"block-editor-rich-text__editable block-editor-block-list__block wp-block rich-text\" tabindex=\"0\" role=\"group\" aria-multiline=\"true\" aria-label=\"Bloco: Lista\" data-block=\"514c90e6-c71c-41e1-a789-61d08997c526\" data-type=\"core\/list\" data-title=\"Lista\">\n<li>As paletes Martos s\u00e3o fabricadas com madeira de pinho mar\u00edtimo de alta qualidade. S\u00e3o tratadas e certificadas, assim, garantimos a seguran\u00e7a e a durabilidade dos nossos produtos. Isso significa que, ao utilizar paletes Martos, reduz o risco de sofrer acidentes ou danificar os seus produtos durante a sua utiliza\u00e7\u00e3o.<img loading=\"lazy\" decoding=\"async\" class=\"wp-image-2918 size-full aligncenter\" title=\"Carimbo Higiene e Tratamento de Paletes\" src=\"https:\/\/www.martos.pt\/wp-content\/uploads\/paletes-martos-Carimbo-tratamento.png\" alt=\"Carimbo-tratamento-paletes\" width=\"500\" height=\"300\" srcset=\"https:\/\/www.martos.pt\/wp-content\/uploads\/paletes-martos-Carimbo-tratamento.png 500w, https:\/\/www.martos.pt\/wp-content\/uploads\/paletes-martos-Carimbo-tratamento-100x60.png 100w\" sizes=\"(max-width: 500px) 100vw, 500px\" \/><\/li>\n<\/ol>\n<p id=\"block-f7b095b1-32f0-4a8f-b76d-7558d03e4cb0\" class=\"block-editor-rich-text__editable block-editor-block-list__block wp-block rich-text\" tabindex=\"0\" role=\"group\" aria-multiline=\"true\" aria-label=\"Bloco de par\u00e1grafo\" data-block=\"f7b095b1-32f0-4a8f-b76d-7558d03e4cb0\" data-type=\"core\/paragraph\" data-title=\"Par\u00e1grafo\"><strong>Durabilidade<\/strong><\/p>\n<ol id=\"block-794b1fed-15f8-47b2-a73f-f1701424a170\" class=\"block-editor-rich-text__editable block-editor-block-list__block wp-block rich-text\" tabindex=\"0\" role=\"group\" start=\"2\" aria-multiline=\"true\" aria-label=\"Bloco: Lista\" data-block=\"794b1fed-15f8-47b2-a73f-f1701424a170\" data-type=\"core\/list\" data-title=\"Lista\">\n<li>A madeira de pinho mar\u00edtimo \u00e9 conhecida por sua alta durabilidade e resist\u00eancia, tornando-a ideal para fabricar paletes. O <a href=\"https:\/\/www.dgav.pt\/plantas\/conteudo\/sanidade-vegetal\/madeira-casca-e-embalagens-de-madeira\/madeira-de-coniferas-e-material-de-embalagem-exigencias-fitossanitarias\/\">tratamento e certifica\u00e7\u00e3o<\/a> da madeira utilizada nas paletes Martos aumenta a sua durabilidade assim como a resist\u00eancia.<\/li>\n<\/ol>\n<p id=\"block-203284a5-1b55-4396-8880-a56edec4cbce\" class=\"block-editor-rich-text__editable block-editor-block-list__block wp-block rich-text\" tabindex=\"0\" role=\"group\" aria-multiline=\"true\" aria-label=\"Bloco de par\u00e1grafo\" data-block=\"203284a5-1b55-4396-8880-a56edec4cbce\" data-type=\"core\/paragraph\" data-title=\"Par\u00e1grafo\"><strong>Versatilidade<\/strong><\/p>\n<ol id=\"block-e4dd7258-945f-44ff-b77a-05416b77b6bd\" class=\"block-editor-rich-text__editable block-editor-block-list__block wp-block rich-text\" tabindex=\"0\" role=\"group\" start=\"3\" aria-multiline=\"true\" aria-label=\"Bloco: Lista\" data-block=\"e4dd7258-945f-44ff-b77a-05416b77b6bd\" data-type=\"core\/list\" data-title=\"Lista\">\n<li>Fabricamos paletes em diversos tamanhos e modelos, o que as torna vers\u00e1teis e adequadas para diferentes setores e aplica\u00e7\u00f5es. As paletes Martos podem ser utilizadas tanto para armazenamento como para transporte de produtos.<\/li>\n<\/ol>\n<p id=\"block-a0d5d3bb-9466-45ae-a8f6-0c009ea54abf\" class=\"block-editor-rich-text__editable block-editor-block-list__block wp-block rich-text\" tabindex=\"0\" role=\"group\" aria-multiline=\"true\" aria-label=\"Bloco de par\u00e1grafo\" data-block=\"a0d5d3bb-9466-45ae-a8f6-0c009ea54abf\" data-type=\"core\/paragraph\" data-title=\"Par\u00e1grafo\"><strong>Sustentabilidade<\/strong><\/p>\n<ol id=\"block-491a48c4-cbc4-4217-8456-4fbc2c8906b4\" class=\"block-editor-rich-text__editable block-editor-block-list__block wp-block rich-text\" tabindex=\"0\" role=\"group\" start=\"4\" aria-multiline=\"true\" aria-label=\"Bloco: Lista\" data-block=\"491a48c4-cbc4-4217-8456-4fbc2c8906b4\" data-type=\"core\/list\" data-title=\"Lista\">\n<li>A utiliza\u00e7\u00e3o de paletes em madeira de pinho \u00e9 uma op\u00e7\u00e3o sustent\u00e1vel, a madeira \u00e9 renov\u00e1vel, biodegrad\u00e1vel e n\u00e3o liberta subst\u00e2ncias t\u00f3xicas na natureza. S\u00e3o produzidas de forma respons\u00e1vel, garantindo a preserva\u00e7\u00e3o dos recursos naturais e a prote\u00e7\u00e3o do meio ambiente.<\/li>\n<\/ol>\n<p id=\"block-13873515-7e2c-4051-a0ed-535b7a0dc8e3\" class=\"block-editor-rich-text__editable block-editor-block-list__block wp-block rich-text\" tabindex=\"0\" role=\"group\" aria-multiline=\"true\" aria-label=\"Bloco de par\u00e1grafo\" data-block=\"13873515-7e2c-4051-a0ed-535b7a0dc8e3\" data-type=\"core\/paragraph\" data-title=\"Par\u00e1grafo\"><strong>Efici\u00eancia<\/strong><\/p>\n<ol id=\"block-80324349-7646-4cc1-992a-d71ecc27bb9e\" class=\"block-editor-rich-text__editable block-editor-block-list__block wp-block rich-text\" tabindex=\"0\" role=\"group\" start=\"5\" aria-multiline=\"true\" aria-label=\"Bloco: Lista\" data-block=\"80324349-7646-4cc1-992a-d71ecc27bb9e\" data-type=\"core\/list\" data-title=\"Lista\">\n<li>As paletes Martos s\u00e3o fabricadas com altos padr\u00f5es de qualidade e seguran\u00e7a, o que as torna mais eficientes que outros tipos de paletes.<\/li>\n<\/ol>\n<p id=\"block-07432fde-e869-4873-9625-b16c8a8d351d\" class=\"block-editor-rich-text__editable block-editor-block-list__block wp-block rich-text\" tabindex=\"0\" role=\"group\" aria-multiline=\"true\" aria-label=\"Bloco de par\u00e1grafo\" data-block=\"07432fde-e869-4873-9625-b16c8a8d351d\" data-type=\"core\/paragraph\" data-title=\"Par\u00e1grafo\"><strong>Economia Circular<\/strong><\/p>\n<ol id=\"block-bd799adc-6d68-4e82-af30-253865ecd302\" class=\"block-editor-rich-text__editable block-editor-block-list__block wp-block rich-text\" tabindex=\"0\" role=\"group\" start=\"6\" aria-multiline=\"true\" aria-label=\"Bloco: Lista\" data-block=\"bd799adc-6d68-4e82-af30-253865ecd302\" data-type=\"core\/list\" data-title=\"Lista\">\n<li>Ao utilizar paletes Martos, a sua empresa tamb\u00e9m contribui para a economia circular, uma abordagem que procura maximizar o uso dos recursos naturais e minimizar o impacto ambiental.<img loading=\"lazy\" decoding=\"async\" class=\"wp-image-2915 size-full aligncenter\" title=\"Paletes recuperadas Martos\" src=\"https:\/\/www.martos.pt\/wp-content\/uploads\/paletes-martos-2.png\" alt=\"Paletes-martos-recuperadas\" width=\"500\" height=\"300\" srcset=\"https:\/\/www.martos.pt\/wp-content\/uploads\/paletes-martos-2.png 500w, https:\/\/www.martos.pt\/wp-content\/uploads\/paletes-martos-2-100x60.png 100w\" sizes=\"(max-width: 500px) 100vw, 500px\" \/><\/li>\n<\/ol>\n<h2 id=\"block-ec0d368e-efc3-4309-9b23-73235f127fc5\" class=\"block-editor-rich-text__editable block-editor-block-list__block wp-block rich-text\" tabindex=\"0\" role=\"group\" aria-multiline=\"true\" aria-label=\"Bloco: T\u00edtulo\" data-block=\"ec0d368e-efc3-4309-9b23-73235f127fc5\" data-type=\"core\/heading\" data-title=\"T\u00edtulo\">Modelos de Paletes da Martos<\/h2>\n<p id=\"block-c01c70df-fece-4ce2-8246-8121ace65ca8\" class=\"block-editor-rich-text__editable block-editor-block-list__block wp-block rich-text\" tabindex=\"0\" role=\"group\" aria-multiline=\"true\" aria-label=\"Bloco de par\u00e1grafo\" data-block=\"c01c70df-fece-4ce2-8246-8121ace65ca8\" data-type=\"core\/paragraph\" data-title=\"Par\u00e1grafo\">A Martos oferece diferentes modelos de paletes, incluindo:<\/p>\n<ul id=\"block-7064fc51-4ad1-4b31-912d-326984b26ac4\" class=\"block-editor-rich-text__editable block-editor-block-list__block wp-block rich-text\" tabindex=\"0\" role=\"group\" aria-multiline=\"true\" aria-label=\"Bloco: Lista\" data-block=\"7064fc51-4ad1-4b31-912d-326984b26ac4\" data-type=\"core\/list\" data-title=\"Lista\">\n<li><a href=\"https:\/\/www.martos.pt\/produto\/paletes-2-entradas\">Paletes de 2 entradas<\/a>: s\u00e3o paletes que permitem o acesso a ambos os lados, bem como s\u00e3o ideais para armazenamento e transporte de mercadorias.<\/li>\n<li><a href=\"https:\/\/www.martos.pt\/produto\/paletes-4-entradas\">Paletes de 4 entradas<\/a>: s\u00e3o paletes que permitem o acesso a ambos os lados, bem como a ambos os extremos, ideais para o transporte de mercadorias mais pesadas.<\/li>\n<li>Paletts refor\u00e7adas: s\u00e3o paletes com ripas adicionais para aumentar a capacidade de carga.<img loading=\"lazy\" decoding=\"async\" class=\"wp-image-2917 size-full aligncenter\" title=\"Paletes e economia circular\" src=\"https:\/\/www.martos.pt\/wp-content\/uploads\/paletes-martos-3.png\" alt=\"Paletes-economia-circular\" width=\"500\" height=\"300\" srcset=\"https:\/\/www.martos.pt\/wp-content\/uploads\/paletes-martos-3.png 500w, https:\/\/www.martos.pt\/wp-content\/uploads\/paletes-martos-3-100x60.png 100w\" sizes=\"(max-width: 500px) 100vw, 500px\" \/><\/li>\n<\/ul>\n<p id=\"block-bd32c00d-6f98-491e-bf63-f60e0f592649\" class=\"block-editor-rich-text__editable block-editor-block-list__block wp-block rich-text\" tabindex=\"0\" role=\"group\" aria-multiline=\"true\" aria-label=\"Bloco de par\u00e1grafo\" data-block=\"bd32c00d-6f98-491e-bf63-f60e0f592649\" data-type=\"core\/paragraph\" data-title=\"Par\u00e1grafo\"><strong>Em\u00a0<\/strong><b>s\u00edntese<\/b>, as paletes Martos s\u00e3o a escolha ideal para quem procura qualidade e durabilidade no armazenamento e transporte de mercadorias.<\/p>\n<p id=\"block-73f78493-02a5-4084-9ae3-c93d36f7f80a\" class=\"block-editor-rich-text__editable block-editor-block-list__block wp-block rich-text\" tabindex=\"0\" role=\"group\" aria-multiline=\"true\" aria-label=\"Bloco de par\u00e1grafo\" data-block=\"73f78493-02a5-4084-9ae3-c93d36f7f80a\" data-type=\"core\/paragraph\" data-title=\"Par\u00e1grafo\">Fabricadas a partir da madeira de pinho mar\u00edtimo tratado, s\u00e3o certificadas e com uma ampla variedade de modelos e utiliza\u00e7\u00f5es.<\/p>\n<p id=\"block-c837bb00-4375-4490-b1a9-4c169a019ada\" class=\"block-editor-rich-text__editable block-editor-block-list__block wp-block rich-text\" tabindex=\"0\" role=\"group\" aria-multiline=\"true\" aria-label=\"Bloco de par\u00e1grafo\" data-block=\"c837bb00-4375-4490-b1a9-4c169a019ada\" data-type=\"core\/paragraph\" data-title=\"Par\u00e1grafo\">O nosso compromisso com a sustentabilidade garante que as paletes Martos oferecem benef\u00edcios como resist\u00eancia, seguran\u00e7a e sustentabilidade.<\/p>\n<p id=\"block-fdf243c2-48ae-45a8-be32-688144dc9caf\" class=\"block-editor-rich-text__editable block-editor-block-list__block wp-block rich-text\" tabindex=\"0\" role=\"group\" aria-multiline=\"true\" aria-label=\"Bloco de par\u00e1grafo\" data-block=\"fdf243c2-48ae-45a8-be32-688144dc9caf\" data-type=\"core\/paragraph\" data-title=\"Par\u00e1grafo\">O seu uso, contribui para a <a href=\"https:\/\/ellenmacarthurfoundation.org\/\">economia circular<\/a> e garante a qualidade e a efici\u00eancia do armazenamento e transporte dos seus produtos.<\/p>\n<p id=\"block-a67f4e54-f3a7-475d-bc0b-77f705b66f32\" class=\"block-editor-rich-text__editable block-editor-block-list__block wp-block rich-text\" tabindex=\"0\" role=\"group\" aria-multiline=\"true\" aria-label=\"Bloco de par\u00e1grafo\" data-block=\"a67f4e54-f3a7-475d-bc0b-77f705b66f32\" data-type=\"core\/paragraph\" data-title=\"Par\u00e1grafo\">Contacte-nos para saber mais sobre as nossas paletes e como podemos ajud\u00e1-lo.<\/p>\n<\/div>\n<\/div>\n<\/div>\n<\/div>\n\n\n<div class=\"wp-block-buttons aligncenter is-layout-flex wp-block-buttons-is-layout-flex\">\n<div class=\"wp-block-button\"><a class=\"wp-block-button__link has-white-color has-text-color has-background\" href=\"https:\/\/www.martos.pt\/contactos\" style=\"border-radius:15px;background-color:#a5cf00\">Solicitar Cota\u00e7\u00e3o<\/a><\/div>\n<\/div>\n\n\n\n<p><\/p>","protected":false},"excerpt":{"rendered":"<p>As paletes s\u00e3o um elemento fundamental para a movimenta\u00e7\u00e3o de mercadorias. \u00c9 importante escolher paletes de qualidade para garantir a seguran\u00e7a dos produtos e a efici\u00eancia do transporte. Na Martos, produzimos paletes de pinho mar\u00edtimo tratadas e certificadas, adaptam-se perfeitamente \u00e0s necessidades do seu neg\u00f3cio. Caracter\u00edsticas das Paletes Martos Madeira de Pinho Mar\u00edtimo: conhecida por [&hellip;]<\/p>","protected":false},"author":6,"featured_media":0,"parent":0,"menu_order":0,"comment_status":"closed","ping_status":"closed","template":"","meta":{"_mi_skip_tracking":false,"_monsterinsights_sitenote_active":false,"_monsterinsights_sitenote_note":"","_monsterinsights_sitenote_category":0,"footnotes":""},"aioseo_notices":[],"_links":{"self":[{"href":"https:\/\/www.martos.pt\/fr\/wp-json\/wp\/v2\/pages\/2909"}],"collection":[{"href":"https:\/\/www.martos.pt\/fr\/wp-json\/wp\/v2\/pages"}],"about":[{"href":"https:\/\/www.martos.pt\/fr\/wp-json\/wp\/v2\/types\/page"}],"author":[{"embeddable":true,"href":"https:\/\/www.martos.pt\/fr\/wp-json\/wp\/v2\/users\/6"}],"replies":[{"embeddable":true,"href":"https:\/\/www.martos.pt\/fr\/wp-json\/wp\/v2\/comments?post=2909"}],"version-history":[{"count":19,"href":"https:\/\/www.martos.pt\/fr\/wp-json\/wp\/v2\/pages\/2909\/revisions"}],"predecessor-version":[{"id":2983,"href":"https:\/\/www.martos.pt\/fr\/wp-json\/wp\/v2\/pages\/2909\/revisions\/2983"}],"wp:attachment":[{"href":"https:\/\/www.martos.pt\/fr\/wp-json\/wp\/v2\/media?parent=2909"}],"curies":[{"name":"wp","href":"https:\/\/api.w.org\/{rel}","templated":true}]}}