{"id":3264,"date":"2023-09-13T14:50:26","date_gmt":"2023-09-13T14:50:26","guid":{"rendered":"https:\/\/www.martos.pt\/?page_id=3264"},"modified":"2023-09-14T11:37:24","modified_gmt":"2023-09-14T11:37:24","slug":"pellets-vantagens-fr","status":"publish","type":"page","link":"https:\/\/www.martos.pt\/fr\/pellets-vantagens-fr\/","title":{"rendered":"Pellets &#8211; Vantagens dos pelletes FR"},"content":{"rendered":"<div class=\"content_block\" id=\"custom_post_widget-3320\"><div class=\"container\">\n<div class=\"g-grid\">\n<div class=\"size-25 container-menu-inicio\"><a href=\"\/pellets-produtos-fr\/\"><img decoding=\"async\" class=\"imgProductMenu\" src=\"\/images\/pellets.png\" \/><\/a>\n<div id=\"menu-pellets\" class=\"overlay-menu-inicio\">\n<div class=\"text_menu\">Pellets<\/div>\n<\/div>\n<\/div>\n<div class=\"size-25 container-menu-inicio\"><img decoding=\"async\" class=\"imgProductMenu\" src=\"\/images\/palete4entradas.png\" \/>\n<div id=\"menu-paletes\" class=\"overlay-menu-inicio\">\n<div class=\"text_menu\">Palettes<\/div>\n<\/div>\n<\/div>\n<div class=\"size-25 container-menu-inicio\"><img decoding=\"async\" class=\"imgProductMenu\" src=\"\/images\/carvao.png\" \/>\n<div id=\"menu-carvao\" class=\"overlay-menu-inicio\">\n<div class=\"text_menu\">BioCharbon<\/div>\n<\/div>\n<\/div>\n<div class=\"size-25 container-menu-inicio\">\n<div id=\"menu-oleo\" class=\"overlay-menu-inicio\">\n<div class=\"text_menu\"><\/div>\n<\/div>\n<\/div>\n<\/div>\n<\/div><\/div>\n<div class=\"content_block\" id=\"custom_post_widget-3225\"><div class=\"line_green\"><br \/><a id=\"aProdutosPellets\" class=\"sub_menu\" href=\"\/pellets-produtos-fr\">Comander<\/a><a id=\"aQueSaoPellets\" class=\"sub_menu\" href=\"\/pellets-o-que-sao-fr\">Que sont les pellets ?<\/a><a id=\"aVantagensPellets\" class=\"sub_menu\" href=\"\/pellets-vantagens-fr\">Avantages des Pellets<\/a><a id=\"aInfoPellets\" class=\"sub_menu\" href=\"\/pellets-informacoes-fr\">Informations<\/a><a id=\"aBeneficiosPellets\" class=\"sub_menu\" href=\"\/pellets-beneficios-fr\">B\u00e9n\u00e9fices<\/a><a id=\"aAplicacoesPellets\" class=\"sub_menu\" href=\"\/pellets-aplicacoes-fr\">Aplications<\/a><a id=\"aNoticiasPellets\" class=\"sub_menu\" href=\"\/pellets-noticias-fr\">Actualit\u00e9s<\/a><\/div>\n\n\n<p><\/p>\n<\/div>\n<div class=\"container\">\n<h1>8 Avantages des pellets<\/h1>\n<h2>Les pellets sont un biocarburant plus \u00e9conomique que les combustibles fossiles.<\/h2>\n<p>Les pellets sont un biocombustible plus \u00e9conomique, repr\u00e9sentant environ la moiti\u00e9 du prix par rapport aux combustibles fossiles tels que le mazout.<\/p>\n<p>Les \u00e9quipements dits \u00e9metteurs thermiques fixes, tels que les chaudi\u00e8res \u00e0 granul\u00e9s, les po\u00eales ou les cuisini\u00e8res, ont un rendement \u00e9nerg\u00e9tique \u00e9lev\u00e9 et conservent la chaleur plus longtemps.<\/p>\n<p>Certains de ces \u00e9quipements permettent de chauffer plusieurs espaces gr\u00e2ce \u00e0 des circuits d&#8217;eau ou d&#8217;air chaud.<\/p>\n<p>L&#8217;investissement initial et les co\u00fbts d&#8217;installation peuvent \u00eatre plus \u00e9lev\u00e9s que pour les syst\u00e8mes de climatisation classiques, mais l&#8217;amortissement de l&#8217;investissement sera beaucoup plus rapide compte tenu de l&#8217;\u00e9cart de prix des granul\u00e9s.<\/p>\n<h2>Les pellets sont un biocarburant tr\u00e8s efficace et \u00e9conome en \u00e9nergie.<\/h2>\n<p>Les pellets ont un pouvoir calorifique \u00e9lev\u00e9, proche de 5 KWh\/kg ou 17,0 MJ\/kg.<\/p>\n<p>Le pouvoir calorifique des pellets est d&#8217;environ 4 500 kcal\/kg et celui du gazole d&#8217;environ 9 000 Kcal\/l. L&#8217;\u00e9quivalent de deux kilos de pellets permet donc de produire la m\u00eame chaleur qu&#8217;un litre de gazole.<\/p>\n<p>La combustion des pellets produits \u00e0 partir de mati\u00e8res premi\u00e8res \u00e0 haut pouvoir calorifique est tr\u00e8s efficace, tant en raison du faible pourcentage d&#8217;humidit\u00e9 contenu dans les pellets, \u2264 10 %, que de la faible teneur en cendres, inf\u00e9rieure \u00e0 0,7 %, qu&#8217;ils produisent lors de la combustion.<\/p>\n<h2>Les pellets sont un biocarburant endog\u00e8ne qui valorise les ressources foresti\u00e8res nationales<\/h2>\n<p>Le Portugal est un pays aux ressources foresti\u00e8res abondantes. Les terres occup\u00e9es par les for\u00eats pr\u00e9dominent sur toute autre utilisation.<\/p>\n<p>En 2010, l&#8217;inventaire forestier de l&#8217;IFN6 a estim\u00e9 que 35 % des terres \u00e9taient utilis\u00e9es pour la sylviculture, suivies par la garrigue et les p\u00e2turages avec 32 % et l&#8217;agriculture avec 24 %.<\/p>\n<p>Cela confirme la forte aptitude foresti\u00e8re, le potentiel productif \u00e9lev\u00e9 et l&#8217;abondance des ressources.<\/p>\n<p>Selon l&#8217;IFN6, la surface foresti\u00e8re n&#8217;a diminu\u00e9 que de 4,6 % entre 1995 et 2010, ce qui correspond \u00e0 un taux de perte nette de -0,3 %\/an (10 000 ha\/an).<\/p>\n<p>Compte tenu des terribles perturbations auxquelles la for\u00eat a \u00e9t\u00e9 soumise, en particulier les incendies graves et les ravageurs associ\u00e9s aux esp\u00e8ces les plus abondantes, on peut consid\u00e9rer que cette diminution a \u00e9t\u00e9 tr\u00e8s faible, ce qui d\u00e9montre la grande r\u00e9silience de la for\u00eat portugaise.<\/p>\n<p>Il s&#8217;agit d&#8217;un facteur tr\u00e8s positif pour le maintien et la perp\u00e9tuation de cette ressource en tant que source d&#8217;\u00e9nergie endog\u00e8ne, ce qui est extr\u00eamement important pour ne pas d\u00e9pendre des ressources fossiles.<\/p>\n<h2>Les pellets sont un biocarburant respectueux de l&#8217;environnement<\/h2>\n<p>La combustion des pellets donne lieu \u00e0 un cycle neutre d&#8217;\u00e9missions de CO2 puisque les \u00e9missions de CO2 g\u00e9n\u00e9r\u00e9es lors de la combustion sont \u00e9quivalentes au CO2 s\u00e9questr\u00e9 par les arbres vivants.<\/p>\n<p>L&#8217;utilisation de combustibles fossiles g\u00e9n\u00e8re un cycle ouvert du carbone, c&#8217;est-\u00e0-dire que plus la consommation est importante, plus les \u00e9missions de CO2 dans l&#8217;atmosph\u00e8re sont \u00e9lev\u00e9es, plus la contribution aux gaz \u00e0 effet de serre est importante et plus la contribution au r\u00e9chauffement de la plan\u00e8te est importante.<\/p>\n<h2>Les granul\u00e9s sont un biocarburant durable et renouvelable<\/h2>\n<p>La production de pellets, lorsqu&#8217;elle est int\u00e9gr\u00e9e \u00e0 l&#8217;activit\u00e9 normale de sciage, en tant qu&#8217;industrie de transformation du bois g\u00e9n\u00e9rant des produits \u00e0 plus forte valeur ajout\u00e9e, est synonyme de production durable.<\/p>\n<p>Martos promeut une croissance int\u00e9gr\u00e9e bas\u00e9e sur l&#8217;\u00e9conomie circulaire, en recevant la mati\u00e8re premi\u00e8re sous forme de grumes envoy\u00e9es \u00e0 la scierie, o\u00f9 elle est utilis\u00e9e au mieux pour diff\u00e9rents types de produits en bois et\/ou d&#8217;emballage.<\/p>\n<p>Tous les sous-produits g\u00e9n\u00e9r\u00e9s par cette op\u00e9ration sont valoris\u00e9s, soit en \u00e9tant int\u00e9gr\u00e9s dans la production de pellets, o\u00f9 les copeaux et la sciure sont utilis\u00e9s comme mati\u00e8res premi\u00e8res, soit en \u00e9tant envoy\u00e9s \u00e0 des op\u00e9rateurs agr\u00e9\u00e9s, comme l&#8217;\u00e9corce de pin.<\/p>\n<p>La production de pellets contribue \u00e9galement \u00e0 l&#8217;assainissement des for\u00eats en valorisant les d\u00e9chets forestiers.<\/p>\n<p>Ils sont utilis\u00e9s pour produire de la chaleur dans un four \u00e0 air chaud afin de s\u00e9cher la mati\u00e8re premi\u00e8re utilis\u00e9e pour la production de pellets.<\/p>\n<p>Pour 100 tonnes de granul\u00e9s produites, environ 20 tonnes de d\u00e9chets forestiers peuvent \u00eatre consomm\u00e9es.<\/p>\n<p>Pour boucler ce cycle, Martos fournit des services de reboisement aux propri\u00e9taires forestiers dans le cadre de partenariats, garantissant ainsi le renouvellement de la ressource foresti\u00e8re et sa durabilit\u00e9.<\/p>\n<h2>Les granul\u00e9s sont faciles \u00e0 transporter et \u00e0 stocker<\/h2>\n<p>Leur densit\u00e9 \u00e9lev\u00e9e, comprise entre 600 et 750 kg\/m3, et leur format granulaire permettent d&#8217;optimiser leur transport et leur stockage.<\/p>\n<p>Les pellets s&#8217;adaptent \u00e0 diff\u00e9rents formats d&#8217;emballage tels que les petits sacs, les grands sacs ou les silos de taille moyenne et grande, en occupant peu d&#8217;espace.<\/p>\n<p>Le petit format granulaire permet d&#8217;utiliser les pellets dans des syst\u00e8mes de silos de stockage et de dosage \u00e0 la consommation enti\u00e8rement m\u00e9canis\u00e9s, qu&#8217;il s&#8217;agisse de petites unit\u00e9s domestiques, d&#8217;unit\u00e9s de taille moyenne ou d&#8217;unit\u00e9s industrielles.<\/p>\n<p>Il s&#8217;agit d&#8217;un produit naturel, sans additifs, qui ne d\u00e9gage pas de vapeurs ni de mauvaises odeurs, comme c&#8217;est le cas du diesel, et qui peut \u00eatre stock\u00e9 dans des espaces ferm\u00e9s et partag\u00e9 avec d&#8217;autres produits.<\/p>\n<h2>Propre, s\u00fbr et facile \u00e0 utiliser<\/h2>\n<p>Biocombustible fabriqu\u00e9 \u00e0 partir de mati\u00e8res premi\u00e8res propres, les pellets sont conditionn\u00e9s dans des formats pratiques.<\/p>\n<p>Ils sont consid\u00e9r\u00e9s comme un produit stable : stock\u00e9s dans un endroit sec, ils ne perdent pas leurs caract\u00e9ristiques physiques et\/ou leur pouvoir calorifique et peuvent \u00eatre conserv\u00e9s pendant de longues p\u00e9riodes.<\/p>\n<p>Les pellets doivent \u00eatre utilis\u00e9s dans des \u00e9quipements d\u00e9di\u00e9s. Ces \u00e9quipements sont technologiquement avanc\u00e9s, de sorte que leur utilisation peut \u00eatre programm\u00e9e \u00e0 l&#8217;avance.<\/p>\n<p>Ils permettent de d\u00e9finir les heures de fonctionnement, d&#8217;optimiser la consommation, de r\u00e9guler la temp\u00e9rature ambiante, le dosage des granul\u00e9s et la vitesse de ventilation de l&#8217;air chaud.<\/p>\n<p>Il existe sur le march\u00e9 une vaste gamme d&#8217;appareils d\u00e9di\u00e9s \u00e0 l&#8217;utilisation des pellets, tr\u00e8s simples \u00e0 installer, qu&#8217;il s&#8217;agisse de chemin\u00e9es existantes en mode encastr\u00e9, ou m\u00eame d&#8217;appareils de conception moderne \u00e0 placer dans les zones sociales de la maison ou d&#8217;appareils pour les zones techniques.<\/p>\n<p>Tous les \u00e9quipements pr\u00e9cit\u00e9s n\u00e9cessitent un conduit d&#8217;\u00e9vacuation des fum\u00e9es vers l&#8217;ext\u00e9rieur dont les caract\u00e9ristiques techniques doivent \u00eatre respect\u00e9es pour le bon fonctionnement de l&#8217;\u00e9quipement.<\/p>\n<p>Les appareils de combustion doivent toujours \u00eatre install\u00e9s par un installateur agr\u00e9\u00e9 par la marque afin de respecter les exigences du fabricant.<\/p>\n<h2>Cr\u00e9ation d&#8217;emplois<\/h2>\n<p>La production de pellets g\u00e9n\u00e8re des dizaines d&#8217;emplois directs et des centaines d&#8217;emplois indirects, tout en stimulant l&#8217;\u00e9conomie locale et nationale.<\/p>\n<p>Les unit\u00e9s de production de pellets sont des entreprises aux normes technologiques \u00e9lev\u00e9es. Elles cr\u00e9ent des emplois avec une main-d&#8217;\u0153uvre qualifi\u00e9e.<\/p>\n<\/div>\n\n\n<p><\/p>","protected":false},"excerpt":{"rendered":"<p>8 Avantages des pellets Les pellets sont un biocarburant plus \u00e9conomique que les combustibles fossiles. Les pellets sont un biocombustible plus \u00e9conomique, repr\u00e9sentant environ la moiti\u00e9 du prix par rapport aux combustibles fossiles tels que le mazout. Les \u00e9quipements dits \u00e9metteurs thermiques fixes, tels que les chaudi\u00e8res \u00e0 granul\u00e9s, les po\u00eales ou les cuisini\u00e8res, ont [&hellip;]<\/p>","protected":false},"author":1069,"featured_media":0,"parent":0,"menu_order":0,"comment_status":"closed","ping_status":"closed","template":"","meta":{"_mi_skip_tracking":false,"_monsterinsights_sitenote_active":false,"_monsterinsights_sitenote_note":"","_monsterinsights_sitenote_category":0,"footnotes":""},"aioseo_notices":[],"_links":{"self":[{"href":"https:\/\/www.martos.pt\/fr\/wp-json\/wp\/v2\/pages\/3264"}],"collection":[{"href":"https:\/\/www.martos.pt\/fr\/wp-json\/wp\/v2\/pages"}],"about":[{"href":"https:\/\/www.martos.pt\/fr\/wp-json\/wp\/v2\/types\/page"}],"author":[{"embeddable":true,"href":"https:\/\/www.martos.pt\/fr\/wp-json\/wp\/v2\/users\/1069"}],"replies":[{"embeddable":true,"href":"https:\/\/www.martos.pt\/fr\/wp-json\/wp\/v2\/comments?post=3264"}],"version-history":[{"count":4,"href":"https:\/\/www.martos.pt\/fr\/wp-json\/wp\/v2\/pages\/3264\/revisions"}],"predecessor-version":[{"id":3326,"href":"https:\/\/www.martos.pt\/fr\/wp-json\/wp\/v2\/pages\/3264\/revisions\/3326"}],"wp:attachment":[{"href":"https:\/\/www.martos.pt\/fr\/wp-json\/wp\/v2\/media?parent=3264"}],"curies":[{"name":"wp","href":"https:\/\/api.w.org\/{rel}","templated":true}]}}