{"id":3269,"date":"2023-09-13T15:07:49","date_gmt":"2023-09-13T15:07:49","guid":{"rendered":"https:\/\/www.martos.pt\/?page_id=3269"},"modified":"2023-09-14T11:40:50","modified_gmt":"2023-09-14T11:40:50","slug":"pellets-informacoes-fr","status":"publish","type":"page","link":"https:\/\/www.martos.pt\/fr\/pellets-informacoes-fr\/","title":{"rendered":"Pellets &#8211; Informa\u00e7\u00f5es FR"},"content":{"rendered":"<div class=\"content_block\" id=\"custom_post_widget-3320\"><div class=\"container\">\n<div class=\"g-grid\">\n<div class=\"size-25 container-menu-inicio\"><a href=\"\/pellets-produtos-fr\/\"><img decoding=\"async\" class=\"imgProductMenu\" src=\"\/images\/pellets.png\" \/><\/a><\/p>\n<div id=\"menu-pellets\" class=\"overlay-menu-inicio\">\n<div class=\"text_menu\">Pellets<\/div>\n<\/div>\n<\/div>\n<div class=\"size-25 container-menu-inicio\"><img decoding=\"async\" class=\"imgProductMenu\" src=\"\/images\/palete4entradas.png\" \/><\/p>\n<div id=\"menu-paletes\" class=\"overlay-menu-inicio\">\n<div class=\"text_menu\">Palettes<\/div>\n<\/div>\n<\/div>\n<div class=\"size-25 container-menu-inicio\"><img decoding=\"async\" class=\"imgProductMenu\" src=\"\/images\/carvao.png\" \/><\/p>\n<div id=\"menu-carvao\" class=\"overlay-menu-inicio\">\n<div class=\"text_menu\">BioCharbon<\/div>\n<\/div>\n<\/div>\n<div class=\"size-25 container-menu-inicio\">\n<div id=\"menu-oleo\" class=\"overlay-menu-inicio\">\n<div class=\"text_menu\"><\/div>\n<\/div>\n<\/div>\n<\/div>\n<\/div>\n<\/div>\n<div class=\"content_block\" id=\"custom_post_widget-3225\"><div class=\"line_green\"><br \/><a id=\"aProdutosPellets\" class=\"sub_menu\" href=\"\/pellets-produtos-fr\">Comander<\/a><a id=\"aQueSaoPellets\" class=\"sub_menu\" href=\"\/pellets-o-que-sao-fr\">Que sont les pellets ?<\/a><a id=\"aVantagensPellets\" class=\"sub_menu\" href=\"\/pellets-vantagens-fr\">Avantages des Pellets<\/a><a id=\"aInfoPellets\" class=\"sub_menu\" href=\"\/pellets-informacoes-fr\">Informations<\/a><a id=\"aBeneficiosPellets\" class=\"sub_menu\" href=\"\/pellets-beneficios-fr\">B\u00e9n\u00e9fices<\/a><a id=\"aAplicacoesPellets\" class=\"sub_menu\" href=\"\/pellets-aplicacoes-fr\">Aplications<\/a><a id=\"aNoticiasPellets\" class=\"sub_menu\" href=\"\/pellets-noticias-fr\">Actualit\u00e9s<\/a><\/div>\n\n\n<p><\/p>\n<\/div>\n<div class=\"container\">\n<h2>Informations<\/h2>\n<p>La production de pellets est entr\u00e9e dans le Groupe Martos en 2015 avec le d\u00e9marrage d&#8217;Omnipellets, une unit\u00e9 de production moderne d&#8217;une capacit\u00e9 de production de 25 000 tonnes\/an, \u00e9quip\u00e9e de la technologie la plus avanc\u00e9e dans le domaine de la bio\u00e9nergie.<\/p>\n<p>Gr\u00e2ce \u00e0 une initiative caract\u00e9ris\u00e9e par un engagement en faveur de la durabilit\u00e9 et de la responsabilit\u00e9 sociale, Martos a identifi\u00e9 dans la production de pellets une opportunit\u00e9 de produire de l&#8217;\u00e9nergie renouvelable de mani\u00e8re durable, donnant ainsi une plus grande valeur ajout\u00e9e aux sous-produits g\u00e9n\u00e9r\u00e9s par l&#8217;activit\u00e9 de sciage.<\/p>\n<p>Le groupe Martos a une histoire de plus de 35 ans dans la pr\u00e9servation et l&#8217;am\u00e9lioration de la for\u00eat, la promotion et le d\u00e9veloppement d&#8217;activit\u00e9s allant de la plantation de nouvelles zones, la transformation et la vente de produits forestiers et la valorisation des sous-produits des activit\u00e9s foresti\u00e8res.<\/p>\n<p><img decoding=\"async\" src=\"http:\/\/www.martos.pt\/wp-content\/uploads\/martos.png\"><\/p>\n<p>Les pellets sont produits \u00e0 partir de sciure et de copeaux de pin obtenus lors de la transformation du bois. Les mati\u00e8res premi\u00e8res sont s\u00e9ch\u00e9es, broy\u00e9es et press\u00e9es pour donner aux granul\u00e9s leur aspect final.<\/p>\n<p>Pendant le s\u00e9chage, les sous-produits de la sylviculture sont utilis\u00e9s pour produire de la chaleur, ce qui contribue \u00e0 assainir les for\u00eats et, par cons\u00e9quent, \u00e0 r\u00e9duire les risques d&#8217;incendie.<\/p>\n<p>La production de pellets a permis \u00e0 Martos non seulement de fermer le cycle de valorisation de tous les produits g\u00e9n\u00e9r\u00e9s par la for\u00eat, mais aussi de g\u00e9n\u00e9rer un cycle neutre d&#8217;\u00e9missions de CO2, puisque les \u00e9missions g\u00e9n\u00e9r\u00e9es lors de la combustion des pellets sont \u00e9quivalentes au CO2 s\u00e9questr\u00e9 par les arbres vivants.<\/p>\n<h2>FAQ&#8217;s<\/h2>\n<p><strong>O\u00f9 puis-je acheter des pellets ?<\/strong><br \/>\nDirectement aupr\u00e8s de nos contacts T (351) 244 723 389<br \/>\nSur notre site web, en remplissant le formulaire de commande<br \/>\nAupr\u00e8s de notre vaste r\u00e9seau de distributeurs<\/p>\n<p><strong>Dans quelles conditions les pellets doivent-ils \u00eatre stock\u00e9s ?<\/strong><br \/>\nLes pellets de chauffage doivent \u00eatre stock\u00e9s dans un endroit sec et bien ventil\u00e9 afin d&#8217;\u00e9viter qu&#8217;ils n&#8217;absorbent de l&#8217;humidit\u00e9.<\/p>\n<p><strong>Les \u00e9quipements \u00e0 pellets ont-ils besoin d&#8217;un syst\u00e8me d&#8217;extraction des gaz de combustion ?<\/strong><br \/>\nOui, tout \u00e9quipement con\u00e7u pour utiliser des granul\u00e9s de bois doit \u00eatre \u00e9quip\u00e9 d&#8217;un syst\u00e8me d&#8217;\u00e9vacuation des fum\u00e9es ou des gaz de combustion.<\/p>\n<p><strong>De quel espace ai-je besoin pour stocker une palette de sacs de pellets pesant environ 1000 kg ?<\/strong><br \/>\nUne tonne de pellets occupe une surface d&#8217;environ 1m2 sur 2 m\u00e8tres de haut.<\/p>\n<p><strong>Comment puis-je v\u00e9rifier la qualit\u00e9 des pellets ?<\/strong><br \/>\nSi vous achetez des granul\u00e9s en sac, vous devez v\u00e9rifier les informations figurant sur les \u00e9tiquettes, \u00e0 savoir le label de certification ENplus et l&#8217;identification du producteur et\/ou du distributeur, ainsi que les sp\u00e9cifications techniques du produit.<br \/>\nSi vous achetez des granul\u00e9s en vrac ou en big bags, vous pouvez \u00e9galement demander au producteur ou au distributeur le certificat ou le rapport d&#8217;analyse.<br \/>\nENplus est un syst\u00e8me de certification pour les granul\u00e9s, d\u00e9velopp\u00e9 en Europe, reconnu et accept\u00e9 dans le monde entier, dont l&#8217;objectif est d&#8217;\u00e9tablir un r\u00e9f\u00e9rentiel de qualit\u00e9 pour les granul\u00e9s de bois. ENplus couvre l&#8217;ensemble de la cha\u00eene de valeur des granul\u00e9s, depuis les mati\u00e8res premi\u00e8res jusqu&#8217;au consommateur final, en passant par la production, le stockage et la distribution. Elle permet un contr\u00f4le continu de la qualit\u00e9 gr\u00e2ce \u00e0 un suivi interne et \u00e0 des audits externes r\u00e9alis\u00e9s par SGS au sein de l&#8217;entreprise, \u00e0 l&#8217;analyse de diff\u00e9rents param\u00e8tres des granul\u00e9s et au suivi du syst\u00e8me de qualit\u00e9 de la production.<\/p>\n<p><strong>Le remplacement d&#8217;une chaudi\u00e8re \u00e0 gaz ou \u00e0 diesel implique-t-il des modifications du r\u00e9seau de distribution de chaleur ?<\/strong><br \/>\nLes modifications \u00e0 apporter concernent uniquement le br\u00fbleur de la chaudi\u00e8re et le stockage du combustible. Aucune modification suppl\u00e9mentaire du r\u00e9seau de chauffage n&#8217;est n\u00e9cessaire. Il est conseill\u00e9 de s&#8217;adresser \u00e0 un installateur agr\u00e9\u00e9 et accr\u00e9dit\u00e9 par la marque de l&#8217;\u00e9quipement.<\/p>\n<\/div>","protected":false},"excerpt":{"rendered":"<p>Informations La production de pellets est entr\u00e9e dans le Groupe Martos en 2015 avec le d\u00e9marrage d&#8217;Omnipellets, une unit\u00e9 de production moderne d&#8217;une capacit\u00e9 de production de 25 000 tonnes\/an, \u00e9quip\u00e9e de la technologie la plus avanc\u00e9e dans le domaine de la bio\u00e9nergie. Gr\u00e2ce \u00e0 une initiative caract\u00e9ris\u00e9e par un engagement en faveur de la [&hellip;]<\/p>","protected":false},"author":1069,"featured_media":0,"parent":0,"menu_order":0,"comment_status":"closed","ping_status":"closed","template":"","meta":{"_mi_skip_tracking":false,"_monsterinsights_sitenote_active":false,"_monsterinsights_sitenote_note":"","_monsterinsights_sitenote_category":0,"footnotes":""},"aioseo_notices":[],"_links":{"self":[{"href":"https:\/\/www.martos.pt\/fr\/wp-json\/wp\/v2\/pages\/3269"}],"collection":[{"href":"https:\/\/www.martos.pt\/fr\/wp-json\/wp\/v2\/pages"}],"about":[{"href":"https:\/\/www.martos.pt\/fr\/wp-json\/wp\/v2\/types\/page"}],"author":[{"embeddable":true,"href":"https:\/\/www.martos.pt\/fr\/wp-json\/wp\/v2\/users\/1069"}],"replies":[{"embeddable":true,"href":"https:\/\/www.martos.pt\/fr\/wp-json\/wp\/v2\/comments?post=3269"}],"version-history":[{"count":6,"href":"https:\/\/www.martos.pt\/fr\/wp-json\/wp\/v2\/pages\/3269\/revisions"}],"predecessor-version":[{"id":3390,"href":"https:\/\/www.martos.pt\/fr\/wp-json\/wp\/v2\/pages\/3269\/revisions\/3390"}],"wp:attachment":[{"href":"https:\/\/www.martos.pt\/fr\/wp-json\/wp\/v2\/media?parent=3269"}],"curies":[{"name":"wp","href":"https:\/\/api.w.org\/{rel}","templated":true}]}}