{"id":3291,"date":"2023-09-13T15:40:29","date_gmt":"2023-09-13T15:40:29","guid":{"rendered":"https:\/\/www.martos.pt\/?page_id=3291"},"modified":"2023-09-14T11:47:19","modified_gmt":"2023-09-14T11:47:19","slug":"pellets-noticias-fr","status":"publish","type":"page","link":"https:\/\/www.martos.pt\/fr\/pellets-noticias-fr\/","title":{"rendered":"Pellets &#8211; Noticias FR"},"content":{"rendered":"<div class=\"content_block\" id=\"custom_post_widget-3320\"><div class=\"container\">\n<div class=\"g-grid\">\n<div class=\"size-25 container-menu-inicio\"><a href=\"\/pellets-produtos-fr\/\"><img decoding=\"async\" class=\"imgProductMenu\" src=\"\/images\/pellets.png\" \/><\/a><\/p>\n<div id=\"menu-pellets\" class=\"overlay-menu-inicio\">\n<div class=\"text_menu\">Pellets<\/div>\n<\/div>\n<\/div>\n<div class=\"size-25 container-menu-inicio\"><img decoding=\"async\" class=\"imgProductMenu\" src=\"\/images\/palete4entradas.png\" \/><\/p>\n<div id=\"menu-paletes\" class=\"overlay-menu-inicio\">\n<div class=\"text_menu\">Palettes<\/div>\n<\/div>\n<\/div>\n<div class=\"size-25 container-menu-inicio\"><img decoding=\"async\" class=\"imgProductMenu\" src=\"\/images\/carvao.png\" \/><\/p>\n<div id=\"menu-carvao\" class=\"overlay-menu-inicio\">\n<div class=\"text_menu\">BioCharbon<\/div>\n<\/div>\n<\/div>\n<div class=\"size-25 container-menu-inicio\">\n<div id=\"menu-oleo\" class=\"overlay-menu-inicio\">\n<div class=\"text_menu\"><\/div>\n<\/div>\n<\/div>\n<\/div>\n<\/div>\n<\/div>\n<div class=\"content_block\" id=\"custom_post_widget-3225\"><div class=\"line_green\"><br \/><a id=\"aProdutosPellets\" class=\"sub_menu\" href=\"\/pellets-produtos-fr\">Comander<\/a><a id=\"aQueSaoPellets\" class=\"sub_menu\" href=\"\/pellets-o-que-sao-fr\">Que sont les pellets ?<\/a><a id=\"aVantagensPellets\" class=\"sub_menu\" href=\"\/pellets-vantagens-fr\">Avantages des Pellets<\/a><a id=\"aInfoPellets\" class=\"sub_menu\" href=\"\/pellets-informacoes-fr\">Informations<\/a><a id=\"aBeneficiosPellets\" class=\"sub_menu\" href=\"\/pellets-beneficios-fr\">B\u00e9n\u00e9fices<\/a><a id=\"aAplicacoesPellets\" class=\"sub_menu\" href=\"\/pellets-aplicacoes-fr\">Aplications<\/a><a id=\"aNoticiasPellets\" class=\"sub_menu\" href=\"\/pellets-noticias-fr\">Actualit\u00e9s<\/a><\/div>\n\n\n<p><\/p>\n<\/div>\n<div class=\"container\">\n<h2>Actualit\u00e9s<\/h2>\n\t<div class=\"wpnawfree-plugin news-clearfix\" id=\"wpnw-news-1\">\r\n\r\n\t\t\r\n\t\t\t<div id=\"post-3335\" class=\"news type-news wpnaw-blog-class has-no-date news-col-list wpnaw-first\">\r\n\t\t\t\t<div class=\"news-inner-wrap-view news-clearfix\">\r\n\r\n\t\t\t\t\t\t\t\t\t\t<div class=\"news-thumb\">\r\n\t\t\t\t\t\t\t\t\t\t\t\t\t<div class=\"grid-news-thumb\">\r\n\t\t\t\t\t\t\t\t<a href=\"https:\/\/www.martos.pt\/fr\/news\/martos-pellets-a-lexpobiomassa\/\"><img loading=\"lazy\" decoding=\"async\" width=\"720\" height=\"609\" src=\"https:\/\/www.martos.pt\/wp-content\/uploads\/Martos-valladolid-e1569941538930.jpg\" class=\"attachment-medium_large size-medium_large wp-post-image\" alt=\"Martos Pellets em Valladolid\" srcset=\"https:\/\/www.martos.pt\/wp-content\/uploads\/Martos-valladolid-e1569941538930.jpg 720w, https:\/\/www.martos.pt\/wp-content\/uploads\/Martos-valladolid-e1569941538930-600x508.jpg 600w\" sizes=\"(max-width: 720px) 100vw, 720px\" \/><\/a>\r\n\t\t\t\t\t\t\t<\/div>\r\n\t\t\t\t\t\t\t\t\t\t\t<\/div>\r\n\t\t\t\t\t\r\n\t\t\t\t\t<div class=\"news-content\">\r\n\t\t\t\t\t\t\t\t\t\t\t\t\t<div class=\"grid-date-post\">\r\n\t\t\t\t\t\t\t\t\t\t\t\t\t\t\t<\/div>\r\n\t\t\t\t\t\t\r\n\t\t\t\t\t\t<div class=\"post-content-text\">\r\n\t\t\t\t\t\t\t<h3 class=\"news-title\"><a href=\"https:\/\/www.martos.pt\/fr\/news\/martos-pellets-a-lexpobiomassa\/\" rel=\"bookmark\">Martos Pellets \u00e0 l&#8217;ExpoBiomassa<\/a><\/h3>\t\t\t\t\t\t\t\t<div class=\"news-content-excerpt\">\r\n\t\t\t\t\t\t\t\t\t<p>Martos Pellets est pr\u00e9sent \u00e0 l&#8217;ExpoBiomassa \u00e0 Valladolid, en Espagne.<br \/>\n<img loading=\"lazy\" decoding=\"async\" class=\"alignnone size-full wp-image-1701\" src=\"https:\/\/www.martos.pt\/wp-content\/uploads\/Logo-ExpoBiomassa.png\" alt=\"\" width=\"397\" height=\"397\" srcset=\"https:\/\/www.martos.pt\/wp-content\/uploads\/Logo-ExpoBiomassa.png 397w, https:\/\/www.martos.pt\/wp-content\/uploads\/Logo-ExpoBiomassa-300x300.png 300w, https:\/\/www.martos.pt\/wp-content\/uploads\/Logo-ExpoBiomassa-100x100.png 100w\" sizes=\"(max-width: 397px) 100vw, 397px\" \/><\/p>\n\t\t\t\t\t\t\t\t<\/div><!-- .entry-content -->\r\n\t\t\t\t\t\t\t\t\t\t\t\t\t<\/div>\r\n\t\t\t\t\t<\/div>\r\n\t\t\t\t<\/div><!-- #post-## -->\r\n\t\t\t<\/div><!-- #post-## -->\r\n\t\t\r\n\t\t\t<div id=\"post-3334\" class=\"news type-news wpnaw-blog-class has-no-date news-col-list\">\r\n\t\t\t\t<div class=\"news-inner-wrap-view news-clearfix\">\r\n\r\n\t\t\t\t\t\t\t\t\t\t<div class=\"news-thumb\">\r\n\t\t\t\t\t\t\t\t\t\t\t\t\t<div class=\"grid-news-thumb\">\r\n\t\t\t\t\t\t\t\t<a href=\"https:\/\/www.martos.pt\/fr\/news\/forum-sur-leconomie-circulaire\/\"><img loading=\"lazy\" decoding=\"async\" width=\"768\" height=\"576\" src=\"https:\/\/www.martos.pt\/wp-content\/uploads\/MartosPellets-Agrogarante-768x576.jpg\" class=\"attachment-medium_large size-medium_large wp-post-image\" alt=\"Economia Circular pellets Martos\" srcset=\"https:\/\/www.martos.pt\/wp-content\/uploads\/MartosPellets-Agrogarante-768x576.jpg 768w, https:\/\/www.martos.pt\/wp-content\/uploads\/MartosPellets-Agrogarante-600x450.jpg 600w, https:\/\/www.martos.pt\/wp-content\/uploads\/MartosPellets-Agrogarante.jpg 1920w\" sizes=\"(max-width: 768px) 100vw, 768px\" \/><\/a>\r\n\t\t\t\t\t\t\t<\/div>\r\n\t\t\t\t\t\t\t\t\t\t\t<\/div>\r\n\t\t\t\t\t\r\n\t\t\t\t\t<div class=\"news-content\">\r\n\t\t\t\t\t\t\t\t\t\t\t\t\t<div class=\"grid-date-post\">\r\n\t\t\t\t\t\t\t\t\t\t\t\t\t\t\t<\/div>\r\n\t\t\t\t\t\t\r\n\t\t\t\t\t\t<div class=\"post-content-text\">\r\n\t\t\t\t\t\t\t<h3 class=\"news-title\"><a href=\"https:\/\/www.martos.pt\/fr\/news\/forum-sur-leconomie-circulaire\/\" rel=\"bookmark\">Forum sur l&#8217;\u00e9conomie circulaire<\/a><\/h3>\t\t\t\t\t\t\t\t<div class=\"news-content-excerpt\">\r\n\t\t\t\t\t\t\t\t\t<h2>L&#8217;\u00e9conomie circulaire, l&#8217;innovation et la comp\u00e9titivit\u00e9 dans le secteur agricole ont \u00e9t\u00e9 les th\u00e8mes d\u00e9battus lors d&#8217;un autre forum &#8220;Conversas de Agricultura&#8221;.<\/h2>\n<p>Ces sessions sont une initiative d&#8217;Agrogarante, qui organise des d\u00e9bats dans diff\u00e9rentes villes du pays afin de partager des visions strat\u00e9giques pour le d\u00e9veloppement de l&#8217;activit\u00e9.<\/p>\n<p>Les pellets que nous produisons ont \u00e9t\u00e9 l&#8217;exemple utilis\u00e9 par Martos pour montrer notre application de l&#8217;\u00e9conomie circulaire.<\/p>\n\t\t\t\t\t\t\t\t<\/div><!-- .entry-content -->\r\n\t\t\t\t\t\t\t\t\t\t\t\t\t<\/div>\r\n\t\t\t\t\t<\/div>\r\n\t\t\t\t<\/div><!-- #post-## -->\r\n\t\t\t<\/div><!-- #post-## -->\r\n\t\t\r\n\t\t\t<div id=\"post-3333\" class=\"news type-news wpnaw-blog-class has-no-date news-col-list\">\r\n\t\t\t\t<div class=\"news-inner-wrap-view news-clearfix\">\r\n\r\n\t\t\t\t\t\t\t\t\t\t<div class=\"news-thumb\">\r\n\t\t\t\t\t\t\t\t\t\t\t\t\t<div class=\"grid-news-thumb\">\r\n\t\t\t\t\t\t\t\t<a href=\"https:\/\/www.martos.pt\/fr\/news\/martos-offre-des-pellets-aux-pompiers\/\"><img loading=\"lazy\" decoding=\"async\" width=\"768\" height=\"482\" src=\"https:\/\/www.martos.pt\/wp-content\/uploads\/MARTOS-OFERECE-PELLETS-AOS-BOMBEIROS-DE-MOSCAVIDE-E-PORTELA-1-768x482.jpg\" class=\"attachment-medium_large size-medium_large wp-post-image\" alt=\"Martos Pellets Bombeiros\" srcset=\"https:\/\/www.martos.pt\/wp-content\/uploads\/MARTOS-OFERECE-PELLETS-AOS-BOMBEIROS-DE-MOSCAVIDE-E-PORTELA-1-768x482.jpg 768w, https:\/\/www.martos.pt\/wp-content\/uploads\/MARTOS-OFERECE-PELLETS-AOS-BOMBEIROS-DE-MOSCAVIDE-E-PORTELA-1-600x376.jpg 600w, https:\/\/www.martos.pt\/wp-content\/uploads\/MARTOS-OFERECE-PELLETS-AOS-BOMBEIROS-DE-MOSCAVIDE-E-PORTELA-1.jpg 960w\" sizes=\"(max-width: 768px) 100vw, 768px\" \/><\/a>\r\n\t\t\t\t\t\t\t<\/div>\r\n\t\t\t\t\t\t\t\t\t\t\t<\/div>\r\n\t\t\t\t\t\r\n\t\t\t\t\t<div class=\"news-content\">\r\n\t\t\t\t\t\t\t\t\t\t\t\t\t<div class=\"grid-date-post\">\r\n\t\t\t\t\t\t\t\t\t\t\t\t\t\t\t<\/div>\r\n\t\t\t\t\t\t\r\n\t\t\t\t\t\t<div class=\"post-content-text\">\r\n\t\t\t\t\t\t\t<h3 class=\"news-title\"><a href=\"https:\/\/www.martos.pt\/fr\/news\/martos-offre-des-pellets-aux-pompiers\/\" rel=\"bookmark\">Martos offre des pellets aux pompiers<\/a><\/h3>\t\t\t\t\t\t\t\t<div class=\"news-content-excerpt\">\r\n\t\t\t\t\t\t\t\t\t<p>MARTOS OFFRE DES PELLETS AUX POMPIERS DE MOSCAVIDE ET DE PORTELA<\/p>\n<p>Nous avons \u00e9t\u00e9 ravis de produire, d&#8217;ensacher, d&#8217;emballer et de charger des sacs de Martos Pellets pour les envoyer \u00e0 l&#8217;Association humanitaire des pompiers volontaires de Moscavide et Portela dans le cadre de cette pand\u00e9mie de Covid-19.<\/p>\n<p>Ce simple don s&#8217;inscrit dans notre politique habituelle de responsabilit\u00e9 sociale et de soutien aux institutions et associations qui apportent leur soutien \u00e0 la communaut\u00e9.<\/p>\n<p>Les &#8220;gardiens de la paix&#8221; sont toujours en premi\u00e8re ligne pour d\u00e9fendre la sant\u00e9 et la s\u00e9curit\u00e9 de chacun d&#8217;entre nous.<\/p>\n<p>Contribuer \u00e0 leur bien-\u00eatre est plus qu&#8217;une obligation. C&#8217;est un plaisir et notre fa\u00e7on de les honorer et de les applaudir !<\/p>\n<p>Nous remercions \u00e9galement Torrestir qui s&#8217;est joint \u00e0 nous en proposant de transporter le produit. Bravo !<\/p>\n\t\t\t\t\t\t\t\t<\/div><!-- .entry-content -->\r\n\t\t\t\t\t\t\t\t\t\t\t\t\t<\/div>\r\n\t\t\t\t\t<\/div>\r\n\t\t\t\t<\/div><!-- #post-## -->\r\n\t\t\t<\/div><!-- #post-## -->\r\n\t\t\r\n\t\t\t<div id=\"post-3294\" class=\"news type-news wpnaw-blog-class has-no-date news-col-list wpnaw-last\">\r\n\t\t\t\t<div class=\"news-inner-wrap-view news-clearfix\">\r\n\r\n\t\t\t\t\t\t\t\t\t\t<div class=\"news-thumb\">\r\n\t\t\t\t\t\t\t\t\t\t\t\t\t<div class=\"grid-news-thumb\">\r\n\t\t\t\t\t\t\t\t<a href=\"https:\/\/www.martos.pt\/fr\/news\/nouveau-magasin-de-pellets-martos\/\"><img loading=\"lazy\" decoding=\"async\" width=\"768\" height=\"524\" src=\"https:\/\/www.martos.pt\/wp-content\/uploads\/loja-da-fabrica-destaque-noticia-768x524.jpg\" class=\"attachment-medium_large size-medium_large wp-post-image\" alt=\"Loja da F\u00e1brica Pellets - Frente3\" srcset=\"https:\/\/www.martos.pt\/wp-content\/uploads\/loja-da-fabrica-destaque-noticia-768x524.jpg 768w, https:\/\/www.martos.pt\/wp-content\/uploads\/loja-da-fabrica-destaque-noticia-600x410.jpg 600w\" sizes=\"(max-width: 768px) 100vw, 768px\" \/><\/a>\r\n\t\t\t\t\t\t\t<\/div>\r\n\t\t\t\t\t\t\t\t\t\t\t<\/div>\r\n\t\t\t\t\t\r\n\t\t\t\t\t<div class=\"news-content\">\r\n\t\t\t\t\t\t\t\t\t\t\t\t\t<div class=\"grid-date-post\">\r\n\t\t\t\t\t\t\t\t\t\t\t\t\t\t\t<\/div>\r\n\t\t\t\t\t\t\r\n\t\t\t\t\t\t<div class=\"post-content-text\">\r\n\t\t\t\t\t\t\t<h3 class=\"news-title\"><a href=\"https:\/\/www.martos.pt\/fr\/news\/nouveau-magasin-de-pellets-martos\/\" rel=\"bookmark\">Nouveau magasin de pellets Martos<\/a><\/h3>\t\t\t\t\t\t\t\t<div class=\"news-content-excerpt\">\r\n\t\t\t\t\t\t\t\t\t<p>&#8220;En d\u00e9cembre dernier, Omnipellets &#8211; Energia Natural (une entreprise du groupe Martos) a ouvert son &#8220;Pellet Shop&#8221; au public dans la zone industrielle d&#8217;Areias, permettant ainsi aux clients d&#8217;acheter confortablement leurs pellets, en petites ou grandes quantit\u00e9s, \u00e0 des prix encore plus attractifs. L&#8217;objectif de l&#8217;entreprise \u00e9tait d&#8217;offrir aux consommateurs un service plus local.<\/p>\n<p>Les entreprises du groupe Martos se sont distingu\u00e9es par leur technologie de pointe, la modernisation des processus et des installations, ainsi que par leur politique de qualit\u00e9 des produits. Apr\u00e8s s&#8217;\u00eatre fait un nom pendant de nombreuses ann\u00e9es dans le domaine du sciage, l&#8217;unit\u00e9 Omnipellets &#8211; Natural Energy a introduit un autre secteur d&#8217;activit\u00e9, de plus en plus recherch\u00e9 par les consommateurs qui veulent un chauffage \u00e9cologique, plus \u00e9conomique et tr\u00e8s efficace.<\/p>\n<p>En effet, apr\u00e8s l&#8217;augmentation importante du prix des combustibles et le co\u00fbt \u00e9lev\u00e9 de l&#8217;\u00e9nergie, les pellets constituent une solution intelligente. Omnipellets, qui fait partie du groupe Martos, a apport\u00e9 une r\u00e9ponse efficace \u00e0 ce march\u00e9, en distribuant ses produits au Portugal et en Europe. Aujourd&#8217;hui, elle se distingue \u00e9galement par l&#8217;ouverture du &#8220;Pellet Shop&#8221;&#8221; (in : noticiasdecolmeias.pt).<\/p>\n<p><img loading=\"lazy\" decoding=\"async\" class=\"alignnone wp-image-1990\" src=\"https:\/\/www.martos.pt\/wp-content\/uploads\/loja-da-fabrica-destaque-noticia.jpg\" alt=\"loja da fabrica\" width=\"804\" height=\"549\" srcset=\"https:\/\/www.martos.pt\/wp-content\/uploads\/loja-da-fabrica-destaque-noticia.jpg 2442w, https:\/\/www.martos.pt\/wp-content\/uploads\/loja-da-fabrica-destaque-noticia-600x410.jpg 600w, https:\/\/www.martos.pt\/wp-content\/uploads\/loja-da-fabrica-destaque-noticia-768x524.jpg 768w\" sizes=\"(max-width: 804px) 100vw, 804px\" \/> <img loading=\"lazy\" decoding=\"async\" class=\"alignnone wp-image-1991\" src=\"https:\/\/www.martos.pt\/wp-content\/uploads\/Loja-Carregamento-Pellets.jpg\" alt=\"\" width=\"808\" height=\"606\" srcset=\"https:\/\/www.martos.pt\/wp-content\/uploads\/Loja-Carregamento-Pellets.jpg 4032w, https:\/\/www.martos.pt\/wp-content\/uploads\/Loja-Carregamento-Pellets-600x450.jpg 600w, https:\/\/www.martos.pt\/wp-content\/uploads\/Loja-Carregamento-Pellets-768x576.jpg 768w\" sizes=\"(max-width: 808px) 100vw, 808px\" \/> <img loading=\"lazy\" decoding=\"async\" class=\"alignnone wp-image-1992\" src=\"https:\/\/www.martos.pt\/wp-content\/uploads\/loja-da-fabrica-pellets-img2.jpg\" alt=\"\" width=\"809\" height=\"607\" srcset=\"https:\/\/www.martos.pt\/wp-content\/uploads\/loja-da-fabrica-pellets-img2.jpg 4000w, https:\/\/www.martos.pt\/wp-content\/uploads\/loja-da-fabrica-pellets-img2-600x450.jpg 600w, https:\/\/www.martos.pt\/wp-content\/uploads\/loja-da-fabrica-pellets-img2-768x576.jpg 768w\" sizes=\"(max-width: 809px) 100vw, 809px\" \/> <img loading=\"lazy\" decoding=\"async\" class=\"alignnone wp-image-1993\" src=\"https:\/\/www.martos.pt\/wp-content\/uploads\/loja-da-fabrica-img1-noticia.jpg\" alt=\"\" width=\"811\" height=\"608\" srcset=\"https:\/\/www.martos.pt\/wp-content\/uploads\/loja-da-fabrica-img1-noticia.jpg 4000w, https:\/\/www.martos.pt\/wp-content\/uploads\/loja-da-fabrica-img1-noticia-600x450.jpg 600w, https:\/\/www.martos.pt\/wp-content\/uploads\/loja-da-fabrica-img1-noticia-768x576.jpg 768w\" sizes=\"(max-width: 811px) 100vw, 811px\" \/><\/p>\n\t\t\t\t\t\t\t\t<\/div><!-- .entry-content -->\r\n\t\t\t\t\t\t\t\t\t\t\t\t\t<\/div>\r\n\t\t\t\t\t<\/div>\r\n\t\t\t\t<\/div><!-- #post-## -->\r\n\t\t\t<\/div><!-- #post-## -->\r\n\t\t\t<\/div>\r\n\r\n\t\n<\/div>","protected":false},"excerpt":{"rendered":"<p>Actualit\u00e9s<\/p>","protected":false},"author":1069,"featured_media":0,"parent":0,"menu_order":0,"comment_status":"closed","ping_status":"closed","template":"","meta":{"_mi_skip_tracking":false,"_monsterinsights_sitenote_active":false,"_monsterinsights_sitenote_note":"","_monsterinsights_sitenote_category":0,"footnotes":""},"aioseo_notices":[],"_links":{"self":[{"href":"https:\/\/www.martos.pt\/fr\/wp-json\/wp\/v2\/pages\/3291"}],"collection":[{"href":"https:\/\/www.martos.pt\/fr\/wp-json\/wp\/v2\/pages"}],"about":[{"href":"https:\/\/www.martos.pt\/fr\/wp-json\/wp\/v2\/types\/page"}],"author":[{"embeddable":true,"href":"https:\/\/www.martos.pt\/fr\/wp-json\/wp\/v2\/users\/1069"}],"replies":[{"embeddable":true,"href":"https:\/\/www.martos.pt\/fr\/wp-json\/wp\/v2\/comments?post=3291"}],"version-history":[{"count":5,"href":"https:\/\/www.martos.pt\/fr\/wp-json\/wp\/v2\/pages\/3291\/revisions"}],"predecessor-version":[{"id":3330,"href":"https:\/\/www.martos.pt\/fr\/wp-json\/wp\/v2\/pages\/3291\/revisions\/3330"}],"wp:attachment":[{"href":"https:\/\/www.martos.pt\/fr\/wp-json\/wp\/v2\/media?parent=3291"}],"curies":[{"name":"wp","href":"https:\/\/api.w.org\/{rel}","templated":true}]}}