{"id":462,"date":"2017-05-11T14:05:25","date_gmt":"2017-05-11T14:05:25","guid":{"rendered":"http:\/\/servidorweb:8080\/martos\/?page_id=462"},"modified":"2022-11-24T13:05:45","modified_gmt":"2022-11-24T13:05:45","slug":"paletes-produtos","status":"publish","type":"page","link":"https:\/\/www.martos.pt\/fr\/paletes-produtos\/","title":{"rendered":"Paletes &#8211; Produtos"},"content":{"rendered":"<div class=\"content_block\" id=\"custom_post_widget-465\"><div class=\"container\">\n<div class=\"g-grid\">\n<div class=\"size-25 container-menu-inicio\"><a href=\"\/pellets-produtos\"><img decoding=\"async\" class=\"imgProductMenu aligncenter\" src=\"\/images\/pellets.png\" \/><\/a>\n<div id=\"menu-pellets\" class=\"overlay-menu-inicio\" style=\"text-align: center;\">\n<div class=\"text_menu\">Pellets<\/div>\n<\/div>\n<\/div>\n<div class=\"size-25 container-menu-inicio\" style=\"text-align: center;\"><a href=\"\/paletes-produtos\"><img decoding=\"async\" class=\"imgProductMenu\" src=\"\/images\/palete4entradas.png\" \/><\/a>\n<div id=\"menu-paletes\" class=\"overlay-menu-inicio\">\n<div class=\"text_menu\">Palettes<\/div>\n<\/div>\n<\/div>\n<div class=\"size-25 container-menu-inicio\"><a href=\"\/carvao-produtos\"><img decoding=\"async\" class=\"imgProductMenu aligncenter\" src=\"\/images\/carvao.png\" \/><\/a>\n<div id=\"menu-carvao\" class=\"overlay-menu-inicio\">\n<div class=\"text_menu\" style=\"text-align: center;\">BioCharbon<\/div>\n<\/div>\n<\/div>\n<div class=\"size-25 container-menu-inicio\"><\/div>\n<\/div>\n<\/div><\/div>\n<div class=\"content_block\" id=\"custom_post_widget-440\"><div>\n<div class=\"line_green\"><\/div>\n<p class=\"sub_menu_margin\"><a id=\"aProdutosPaletes\" class=\"sub_menu\" href=\"\/paletes-produtos\">PRODUITS<\/a><!--<a id=\"aInfoPaletes\" class=\"sub_menu\" href=\"\/paletes-informacoes\">Informa\u00e7\u00f5es<\/a><a id=\"aVantagensPaletes\" class=\"sub_menu\" href=\"\/paletes-vantagens\">Vantagens<\/a><a id=\"aAplicacoesPaletes\" class=\"sub_menu\" href=\"\/paletes-aplicacoes\">Aplica\u00e7\u00f5es<\/a>--><a id=\"aNoticiasPaletes\" class=\"sub_menu\" href=\"\/paletes-noticias\">Actualit\u00e9s<\/a><\/p>\n<\/div>\n<\/div>\n<div class=\"container\"><div class=\"woocommerce columns-2\"><ul class=\"products\">\n<li class=\"post-393 product type-product status-publish has-post-thumbnail hentry product_cat-paletes\">\n\t<div class=\"productMartos\">\n\t<p>Paletes de madeira de 2 entradas em pinho mar\u00edtimo. Paletes de madeira novas, tratadas e certif\u00edcadas.<\/p>\n\t<\/div>\n\t\n\t<\/li>\n<li class=\"post-392 product type-product status-publish has-post-thumbnail hentry product_cat-paletes\">\n\t<div class=\"productMartos\">\n\t<p>Paletes de madeira de 4 entradas em pinho mar\u00edtimo. Paletes de madeira novas, tratadas e certificadas.<\/p>\n\t<\/div>\n\t\n\t<\/li>\n<\/ul>\n<\/div><\/div>\n\n\n<p class=\"has-text-align-center\">Paletes para os mais diversos fins. Paletes tratadas, certificadas e de acordo com as mais diversas especificidades e medidas dos nossos clientes.<\/p>\n\n\n\n<p class=\"has-text-align-center\">Palets de 2 ou de 4 entradas em pinho mar\u00edtimo, novas, tratadas e certificadas segundo os mais exigentes par\u00e2metros de produ\u00e7\u00e3o e qualidade.<\/p>\n\n\n\n<p class=\"has-text-align-center\">Adaptamos as nossas Paletes em fun\u00e7\u00e3o das necessidades dos nossos clientes. Ou seja, constru\u00edmos as suas paletes de acordo com os tamanhos e especificidades \u00fanicas do seu neg\u00f3cio.<\/p>\n\n\n\n<p class=\"has-text-align-center\"> Isso significa que conseguir\u00e1 transportar e entregar ao seu cliente a sua produ\u00e7\u00e3o nas melhores condi\u00e7\u00f5es.<\/p>\n\n\n\n<p class=\"has-text-align-center\">Solicite or\u00e7amento para as suas paletes atrav\u00e9s do formul\u00e1rio dispon\u00edvel na nossa p\u00e1gina de <a href=\"https:\/\/www.martos.pt\/contactos\/\"><span class=\"has-inline-color has-vivid-green-cyan-color\">contactos<\/span><\/a>. <\/p>","protected":false},"excerpt":{"rendered":"<p>Paletes para os mais diversos fins. Paletes tratadas, certificadas e de acordo com as mais diversas especificidades e medidas dos nossos clientes. Palets de 2 ou de 4 entradas em pinho mar\u00edtimo, novas, tratadas e certificadas segundo os mais exigentes par\u00e2metros de produ\u00e7\u00e3o e qualidade. Adaptamos as nossas Paletes em fun\u00e7\u00e3o das necessidades dos nossos [&hellip;]<\/p>","protected":false},"author":1,"featured_media":0,"parent":0,"menu_order":0,"comment_status":"closed","ping_status":"closed","template":"","meta":{"_mi_skip_tracking":false,"_monsterinsights_sitenote_active":false,"_monsterinsights_sitenote_note":"","_monsterinsights_sitenote_category":0,"footnotes":""},"aioseo_notices":[],"_links":{"self":[{"href":"https:\/\/www.martos.pt\/fr\/wp-json\/wp\/v2\/pages\/462"}],"collection":[{"href":"https:\/\/www.martos.pt\/fr\/wp-json\/wp\/v2\/pages"}],"about":[{"href":"https:\/\/www.martos.pt\/fr\/wp-json\/wp\/v2\/types\/page"}],"author":[{"embeddable":true,"href":"https:\/\/www.martos.pt\/fr\/wp-json\/wp\/v2\/users\/1"}],"replies":[{"embeddable":true,"href":"https:\/\/www.martos.pt\/fr\/wp-json\/wp\/v2\/comments?post=462"}],"version-history":[{"count":21,"href":"https:\/\/www.martos.pt\/fr\/wp-json\/wp\/v2\/pages\/462\/revisions"}],"predecessor-version":[{"id":2751,"href":"https:\/\/www.martos.pt\/fr\/wp-json\/wp\/v2\/pages\/462\/revisions\/2751"}],"wp:attachment":[{"href":"https:\/\/www.martos.pt\/fr\/wp-json\/wp\/v2\/media?parent=462"}],"curies":[{"name":"wp","href":"https:\/\/api.w.org\/{rel}","templated":true}]}}