{"id":485,"date":"2017-05-11T14:28:21","date_gmt":"2017-05-11T14:28:21","guid":{"rendered":"http:\/\/servidorweb:8080\/martos\/?page_id=485"},"modified":"2022-09-01T11:59:17","modified_gmt":"2022-09-01T11:59:17","slug":"pellets-vantagens","status":"publish","type":"page","link":"https:\/\/www.martos.pt\/fr\/pellets-vantagens\/","title":{"rendered":"Pellets &#8211; Vantagens dos pelletes"},"content":{"rendered":"<div class=\"content_block\" id=\"custom_post_widget-465\"><div class=\"container\">\n<div class=\"g-grid\">\n<div class=\"size-25 container-menu-inicio\"><a href=\"\/pellets-produtos\"><img decoding=\"async\" class=\"imgProductMenu aligncenter\" src=\"\/images\/pellets.png\" \/><\/a>\n<div id=\"menu-pellets\" class=\"overlay-menu-inicio\" style=\"text-align: center;\">\n<div class=\"text_menu\">Pellets<\/div>\n<\/div>\n<\/div>\n<div class=\"size-25 container-menu-inicio\" style=\"text-align: center;\"><a href=\"\/paletes-produtos\"><img decoding=\"async\" class=\"imgProductMenu\" src=\"\/images\/palete4entradas.png\" \/><\/a>\n<div id=\"menu-paletes\" class=\"overlay-menu-inicio\">\n<div class=\"text_menu\">Palettes<\/div>\n<\/div>\n<\/div>\n<div class=\"size-25 container-menu-inicio\"><a href=\"\/carvao-produtos\"><img decoding=\"async\" class=\"imgProductMenu aligncenter\" src=\"\/images\/carvao.png\" \/><\/a>\n<div id=\"menu-carvao\" class=\"overlay-menu-inicio\">\n<div class=\"text_menu\" style=\"text-align: center;\">BioCharbon<\/div>\n<\/div>\n<\/div>\n<div class=\"size-25 container-menu-inicio\"><\/div>\n<\/div>\n<\/div><\/div>\n<div class=\"content_block\" id=\"custom_post_widget-475\"><div>\n<div class=\"line_green\"><\/div>\n<p class=\"sub_menu_margin\"><a id=\"aProdutosPellets\" class=\"sub_menu\" href=\"\/pellets-produtos\">Comprar<\/a><a id=\"aQueSaoPellets\" class=\"sub_menu\" href=\"\/pellets-o-que-sao\">Que sont les pellets ?<\/a><a id=\"aVantagensPellets\" class=\"sub_menu\" href=\"\/pellets-vantagens\">Avantages des pellets<\/a><a id=\"aInfoPellets\" class=\"sub_menu\" href=\"\/pellets-informacoes\">Informations<\/a><a id=\"aBeneficiosPellets\" class=\"sub_menu\" href=\"\/pellets-beneficios\">B\u00e9n\u00e9fices<\/a><a id=\"aAplicacoesPellets\" class=\"sub_menu\" href=\"\/pellets-aplicacoes\">Applications<\/a><a id=\"aNoticiasPellets\" class=\"sub_menu\" href=\"\/pellets-noticias\">Actualit\u00e9s<\/a><\/p>\n<\/div>\n<\/div>\n<div class=\"container\">\n<h1><strong>8 Vantagens dos pellets<\/strong><\/h1>\n<h2><strong>Os pellets s\u00e3o um biocombust\u00edvel mais econ\u00f3mico do que os combust\u00edveis f\u00f3sseis<\/strong><\/h2>\n<p>Os pelletes s\u00e3o um biocombust\u00edvel mais econ\u00f3mico, representando cerca de metade do pre\u00e7o quando comparado com os combust\u00edveis f\u00f3sseis designadamente o gas\u00f3leo de aquecimento.<\/p>\n<p>Os equipamentos designados de emissores t\u00e9rmicos fixos tais como caldeiras, recuperadores ou salamandras a pelletes t\u00eam um elevado rendimento energ\u00e9tico e mant\u00eam o calor durante mais tempo.<\/p>\n<p>Alguns destes equipamentos permitem efetuar o aquecimento de v\u00e1rios espa\u00e7os com recurso a circuitos de \u00e1gua ou de ar quente.<\/p>\n<p>O investimento inicial e os custos de instala\u00e7\u00e3o poder\u00e3o ser mais elevados que os sistemas de climatiza\u00e7\u00e3o convencionais no entanto a amortiza\u00e7\u00e3o do investimento ser\u00e1 muito mais r\u00e1pida tendo em conta o diferencial de pre\u00e7o dos pellets.<\/p>\n<h2><strong>Os pellets s\u00e3o um biocombust\u00edvel com elevada efici\u00eancia e rendimento energ\u00e9tico<\/strong><\/h2>\n<p>Os pellets cont\u00eam um elevado poder calorifico, pr\u00f3ximo de 5 KWh\/kg ou 17,0 MJ\/kg.<\/p>\n<p>O poder calor\u00edfico dos pellets ronda as 4.500 kcal\/kg e o do gas\u00f3leo aproxima-se das 9.000 Kcal\/l pelo que, se pode utilizar a equival\u00eancia de dois quilos de pelletes para gerar o mesmo calor que um litro de gas\u00f3leo.<\/p>\n<p>A combust\u00e3o dos pellets produzidos a partir mat\u00e9rias-primas com elevado poder calorifico manifesta-se bastante eficiente, quer pela baixa percentagem de humidade contida nos pellets, \u2264 10% quer pelo baixo teor de cinzas, inferior a 0,7% que estes produzem durante a queima.<\/p>\n<h2><strong>Os pellets s\u00e3o um biocombust\u00edvel end\u00f3geno que valoriza os recursos florestais nacionais<\/strong><\/h2>\n<p>Portugal \u00e9 um pa\u00eds de abundantes recursos florestais. A ocupa\u00e7\u00e3o do solo pela floresta predomina acima de qualquer outra utiliza\u00e7\u00e3o.<\/p>\n<p>Em 2010 o <a href=\"http:\/\/www2.icnf.pt\/portal\/florestas\/ifn\/resource\/ficheiros\/ifn\/ifn6-res-prelimv1-1\">Invent\u00e1rio Florestal &#8211; IFN6<\/a>, considerava que 35% do solo estava afeto \u00e0 atividade florestal seguindo-se os matos e pastagens com 32% e a agricultura com 24%.<\/p>\n<p>Confirma-se deste modo a forte aptid\u00e3o florestal, um o elevado potencial produtivo e abund\u00e2ncia dos recursos.<\/p>\n<p>Segundo o IFN6 a \u00e1rea florestal registou uma diminui\u00e7\u00e3o de apenas 4,6% entre 1995\u20102010 o que corresponde a uma taxa de perda l\u00edquida de \u20100,3%\/ano (10 mil ha\/ano).<\/p>\n<p>Tendo em conta as terr\u00edveis perturba\u00e7\u00f5es a que a floresta tem sido sujeita, designadamente os fortes inc\u00eandios e as pragas associadas \u00e0s esp\u00e9cies mais abundantes, pode considerar-se que esta diminui\u00e7\u00e3o foi bastante diminuta o que demonstra a elevada resili\u00eancia da floresta Portuguesa.<\/p>\n<p>Um fator muito positivo na manuten\u00e7\u00e3o e perpetuidade deste recuso enquanto fonte end\u00f3gena de energia, de extrema import\u00e2ncia para a n\u00e3o depend\u00eancia de recursos f\u00f3sseis.<\/p>\n<h2><strong>Pelletes s\u00e3o um biocombust\u00edvel ecol\u00f3gico amigo do ambiente<\/strong><\/h2>\n<p>A queima dos pellets d\u00e1 origem a um ciclo neutro de emiss\u00f5es de CO<sub>2<\/sub> uma vez que as emiss\u00f5es de Co<sub>2<\/sub> geradas durante a queima, s\u00e3o equivalentes ao CO<sub>2<\/sub> sequestrado pelas \u00e1rvores em vida.<\/p>\n<p>A utiliza\u00e7\u00e3o dos combust\u00edveis de origem f\u00f3ssil \u00e9 geradora de um ciclo do carbono aberto, ou seja, quanto maior o consumo maior ser\u00e1 a emiss\u00e3o de CO<sub>2<\/sub> para atmosfera, maior o contributo para os gases com efeito estufa e maior a contribui\u00e7\u00e3o para o aquecimento global.<\/p>\n<h2><strong>Os pellets s\u00e3o um biocombust\u00edvel sustent\u00e1vel e renov\u00e1vel<\/strong><\/h2>\n<p>A produ\u00e7\u00e3o de pellets, quando integrada na normal atividade de serra\u00e7\u00e3o, enquanto ind\u00fastria transformadora da madeira geradora de produtos de maior valor acrescentado, \u00e9 sin\u00f3nimo de produ\u00e7\u00e3o de modo sustentado.<\/p>\n<p>A Martos promove um crescimento integrado com base na economia circular, recebe a mat\u00e9ria-prima em toros encaminhados para a unidade de serra\u00e7\u00e3o onde \u00e9 realizado o seu melhor aproveitamento para madeiras diversas e\/ou produtos de embalagem.<\/p>\n<p>Todos os subprodutos gerados nesta opera\u00e7\u00e3o s\u00e3o valorizados, quer pela sua integra\u00e7\u00e3o na produ\u00e7\u00e3o de pelletes, onde s\u00e3o consumidos como mat\u00e9ria-prima a estilha e o serrim, quer pelo encaminhamento para operadores autorizados de que \u00e9 exemplo a casca de pinho.<\/p>\n<p>A produ\u00e7\u00e3o de pellets promove ainda a limpeza das florestas pela utiliza\u00e7\u00e3o dos sobrantes da explora\u00e7\u00e3o florestal.<\/p>\n<p>A sua utiliza\u00e7\u00e3o destina-se \u00e0 produ\u00e7\u00e3o de calor, numa fornalha de ar quente, para a secagem da mat\u00e9ria-prima usada na produ\u00e7\u00e3o dos pelletes.<\/p>\n<p>Por cada 100 toneladas de pellets produzidos poder\u00e3o ser consumidas cerca de 20 toneladas de sobrantes da explora\u00e7\u00e3o florestal.<\/p>\n<p>Para que este ciclo seja conclu\u00eddo a Martos disponibiliza servi\u00e7os de refloresta\u00e7\u00e3o das \u00e1reas de floresta cortadas aos propriet\u00e1rios florestais atrav\u00e9s de parcerias, garantido desse modo a renova\u00e7\u00e3o do recurso florestal e a sua sustentabilidade.<\/p>\n<h2><strong>Os pelletes s\u00e3o f\u00e1ceis de transportar e armazenar<\/strong><\/h2>\n<p>A sua elevada densidade, entre 600 a 750 Kg\/m3, e o seu formato granulado permite a otimiza\u00e7\u00e3o do seu transporte e armazenamento.<\/p>\n<p>Os pellets adaptam-se a diferentes formatos de embalagem tais como sacos de pequeno formato, big bags ou silos de m\u00e9dias e grandes dimens\u00f5es, ocupando pouco espa\u00e7o.<\/p>\n<p>O formato granulado e pequenas dimens\u00f5es confere aos pellets a possibilidade de utiliza\u00e7\u00e3o em sistemas com total mecaniza\u00e7\u00e3o dos silos de armazenamento e de doseamento para consumo, quer em pequenos equipamentos dom\u00e9sticos quer em sistemas de m\u00e9dia dimens\u00e3o ou em unidades industriais.<\/p>\n<p>S\u00e3o um produto natural sem aditivos n\u00e3o libertam vapores ou maus odores, como \u00e9 o caso do gas\u00f3leo, podendo ser armazenado em espa\u00e7os fechados e partilhados com outros produtos.<\/p>\n<h2><strong>Limpo, seguro e f\u00e1cil de utilizar<\/strong><\/h2>\n<p>Biocombust\u00edvel produzido a partir de mat\u00e9rias-primas limpas, os pelletes s\u00e3o embalados em c\u00f3modos formatos.<\/p>\n<p>S\u00e3o considerados um produto est\u00e1vel, quando guardados em local seco n\u00e3o perdem as suas caracter\u00edsticas f\u00edsicas e\/ou poder calorifico, podendo manter-se armazenados durante longos per\u00edodos.<\/p>\n<p>Os pellets devem ser utilizados em equipamentos dedicados. Estes equipamentos s\u00e3o tecnologicamente avan\u00e7ados de modo a permitir a programa\u00e7\u00e3o antecipada do seu uso.<\/p>\n<p>Permitem a defini\u00e7\u00e3o do hor\u00e1rio de funcionamento, otimizam o consumo, a regula\u00e7\u00e3o da temperatura ambiente, o doseamento dos pelletes e a velocidade de ventila\u00e7\u00e3o do ar quente.<\/p>\n<p>Existem no mercado uma grande diversidade de equipamentos dedicados \u00e0 utiliza\u00e7\u00e3o dos pellets, muito simples de instalar, quer para espa\u00e7os de lareira j\u00e1 existentes em modo de encastrado, ou mesmo equipamentos de design moderno para coloca\u00e7\u00e3o em \u00e1reas sociais da habita\u00e7\u00e3o ou equipamentos destinados a zonas t\u00e9cnicas.<\/p>\n<p>Qualquer dos equipamentos referidos necessita de uma sa\u00edda dos gases de combust\u00e3o para o exterior com caracter\u00edsticas t\u00e9cnicas que devem ser respeitadas para o bom funcionamento dos equipamentos.<\/p>\n<p>A instala\u00e7\u00e3o dos equipamentos de queima deve ser sempre efetuada por um instalador credenciado pela marca de modo a respeitar os requisitos do fabricante.<\/p>\n<h2><strong>Gera postos de trabalho<\/strong><\/h2>\n<p>A produ\u00e7\u00e3o de pelletes gera dezenas de empregos diretos e centenas de empregos indiretos assim como, dinamiza a economia local e nacional.<\/p>\n<p>As unidades de produ\u00e7\u00e3o de pellets s\u00e3o empresas dotadas de elevados padr\u00f5es tecnol\u00f3gicos. Criam postos de trabalho com m\u00e3o-de-obra qualificada.<\/p>\n<p style=\"text-align: right;\"><span style=\"color: #a5cf00;\"><a style=\"color: #a5cf00;\" href=\"https:\/\/www.martos.pt\/pellets-produtos\/\">Visitar Loja Pellets<\/a><\/span><\/p>\n<\/div>\n\n\n<p><\/p>","protected":false},"excerpt":{"rendered":"<p>8 Vantagens dos pellets Os pellets s\u00e3o um biocombust\u00edvel mais econ\u00f3mico do que os combust\u00edveis f\u00f3sseis Os pelletes s\u00e3o um biocombust\u00edvel mais econ\u00f3mico, representando cerca de metade do pre\u00e7o quando comparado com os combust\u00edveis f\u00f3sseis designadamente o gas\u00f3leo de aquecimento. Os equipamentos designados de emissores t\u00e9rmicos fixos tais como caldeiras, recuperadores ou salamandras a pelletes [&hellip;]<\/p>","protected":false},"author":1,"featured_media":0,"parent":0,"menu_order":0,"comment_status":"closed","ping_status":"closed","template":"","meta":{"_mi_skip_tracking":false,"_monsterinsights_sitenote_active":false,"_monsterinsights_sitenote_note":"","_monsterinsights_sitenote_category":0,"footnotes":""},"aioseo_notices":[],"_links":{"self":[{"href":"https:\/\/www.martos.pt\/fr\/wp-json\/wp\/v2\/pages\/485"}],"collection":[{"href":"https:\/\/www.martos.pt\/fr\/wp-json\/wp\/v2\/pages"}],"about":[{"href":"https:\/\/www.martos.pt\/fr\/wp-json\/wp\/v2\/types\/page"}],"author":[{"embeddable":true,"href":"https:\/\/www.martos.pt\/fr\/wp-json\/wp\/v2\/users\/1"}],"replies":[{"embeddable":true,"href":"https:\/\/www.martos.pt\/fr\/wp-json\/wp\/v2\/comments?post=485"}],"version-history":[{"count":47,"href":"https:\/\/www.martos.pt\/fr\/wp-json\/wp\/v2\/pages\/485\/revisions"}],"predecessor-version":[{"id":2477,"href":"https:\/\/www.martos.pt\/fr\/wp-json\/wp\/v2\/pages\/485\/revisions\/2477"}],"wp:attachment":[{"href":"https:\/\/www.martos.pt\/fr\/wp-json\/wp\/v2\/media?parent=485"}],"curies":[{"name":"wp","href":"https:\/\/api.w.org\/{rel}","templated":true}]}}