{"id":533,"date":"2017-05-12T09:23:22","date_gmt":"2017-05-12T09:23:22","guid":{"rendered":"http:\/\/servidorweb:8080\/martos\/?page_id=533"},"modified":"2021-04-01T16:30:59","modified_gmt":"2021-04-01T16:30:59","slug":"carvao-aplicacoes","status":"publish","type":"page","link":"https:\/\/www.martos.pt\/fr\/carvao-aplicacoes\/","title":{"rendered":"Biocarv\u00e3o &#8211; Aplica\u00e7\u00f5es"},"content":{"rendered":"<div class=\"content_block\" id=\"custom_post_widget-465\"><div class=\"container\">\n<div class=\"g-grid\">\n<div class=\"size-25 container-menu-inicio\"><a href=\"\/pellets-produtos\"><img decoding=\"async\" class=\"imgProductMenu aligncenter\" src=\"\/images\/pellets.png\" \/><\/a><\/p>\n<div id=\"menu-pellets\" class=\"overlay-menu-inicio\" style=\"text-align: center;\">\n<div class=\"text_menu\">Pellets<\/div>\n<\/div>\n<\/div>\n<div class=\"size-25 container-menu-inicio\" style=\"text-align: center;\"><a href=\"\/paletes-produtos\"><img decoding=\"async\" class=\"imgProductMenu\" src=\"\/images\/palete4entradas.png\" \/><\/a><\/p>\n<div id=\"menu-paletes\" class=\"overlay-menu-inicio\">\n<div class=\"text_menu\">Palettes<\/div>\n<\/div>\n<\/div>\n<div class=\"size-25 container-menu-inicio\"><a href=\"\/carvao-produtos\"><img decoding=\"async\" class=\"imgProductMenu aligncenter\" src=\"\/images\/carvao.png\" \/><\/a><\/p>\n<div id=\"menu-carvao\" class=\"overlay-menu-inicio\">\n<div class=\"text_menu\" style=\"text-align: center;\">BioCharbon<\/div>\n<\/div>\n<\/div>\n<div class=\"size-25 container-menu-inicio\"><\/div>\n<\/div>\n<\/div>\n<\/div>\n<div class=\"content_block\" id=\"custom_post_widget-531\"><div>\n<div class=\"line_green\"><\/div>\n<p class=\"sub_menu_margin\"><a id=\"aProdutosCarvao\" class=\"sub_menu\" href=\"\/carvao-produtos\">PRODUITS<\/a><a id=\"aInfoCarvao\" class=\"sub_menu\" href=\"\/carvao-informacoes\">Informations<\/a><a id=\"aVantagensCarvao\" class=\"sub_menu\" href=\"\/carvao-vantagens\">Vantagens<\/a><a id=\"aAplicacoesCarvao\" class=\"sub_menu\" href=\"\/carvao-aplicacoes\">Applications<\/a><a id=\"aNoticiasCarvao\" class=\"sub_menu\" href=\"\/carvao-noticias\">Actualit\u00e9s<\/a><\/p>\n<\/div>\n<\/div>\n<div class=\"container\">\n<h2>Applications<\/h2>\n<p>Dom\u00e9stica<\/p>\n<div style=\"margin-left: 60px;\">O biocarv\u00e3o \u00e9 ideal para a utiliza\u00e7\u00e3o em churrascos familiares estando apto para qualquer tipo de fogareiro ou grelhador.<\/div>\n<p>Profissional<\/p>\n<div style=\"margin-left: 60px;\">O biocarv\u00e3o \u00e9 ideal para restaurantes e churrasqueiras take away com grelhados no carv\u00e3o.<br \/>\nO facto de se manter durante mais tempo incandescente permite um maior per\u00edodo de utiliza\u00e7\u00e3o o que o torna mais econ\u00f3mico e eficaz.<br \/>\nO biocarv\u00e3o n\u00e3o produz labaredas ou fa\u00edscas, tornando a sua utiliza\u00e7\u00e3o mais comoda e segura para o profissional.<br \/>\nEvita o efeito esturricado nos alimentos reduzido o cheiro e os fumos libertados durante a utiliza\u00e7\u00e3o, mantendo a qualidade do ambiente na vizinhan\u00e7a das instala\u00e7\u00f5es.<\/div>\n<\/div>","protected":false},"excerpt":{"rendered":"<p>Aplica\u00e7\u00f5es Dom\u00e9stica O biocarv\u00e3o \u00e9 ideal para a utiliza\u00e7\u00e3o em churrascos familiares estando apto para qualquer tipo de fogareiro ou grelhador. Profissional O biocarv\u00e3o \u00e9 ideal para restaurantes e churrasqueiras take away com grelhados no carv\u00e3o. O facto de se manter durante mais tempo incandescente permite um maior per\u00edodo de utiliza\u00e7\u00e3o o que o torna [&hellip;]<\/p>","protected":false},"author":1,"featured_media":0,"parent":0,"menu_order":0,"comment_status":"closed","ping_status":"closed","template":"","meta":{"_mi_skip_tracking":false,"_monsterinsights_sitenote_active":false,"_monsterinsights_sitenote_note":"","_monsterinsights_sitenote_category":0,"footnotes":""},"aioseo_notices":[],"_links":{"self":[{"href":"https:\/\/www.martos.pt\/fr\/wp-json\/wp\/v2\/pages\/533"}],"collection":[{"href":"https:\/\/www.martos.pt\/fr\/wp-json\/wp\/v2\/pages"}],"about":[{"href":"https:\/\/www.martos.pt\/fr\/wp-json\/wp\/v2\/types\/page"}],"author":[{"embeddable":true,"href":"https:\/\/www.martos.pt\/fr\/wp-json\/wp\/v2\/users\/1"}],"replies":[{"embeddable":true,"href":"https:\/\/www.martos.pt\/fr\/wp-json\/wp\/v2\/comments?post=533"}],"version-history":[{"count":5,"href":"https:\/\/www.martos.pt\/fr\/wp-json\/wp\/v2\/pages\/533\/revisions"}],"predecessor-version":[{"id":2170,"href":"https:\/\/www.martos.pt\/fr\/wp-json\/wp\/v2\/pages\/533\/revisions\/2170"}],"wp:attachment":[{"href":"https:\/\/www.martos.pt\/fr\/wp-json\/wp\/v2\/media?parent=533"}],"curies":[{"name":"wp","href":"https:\/\/api.w.org\/{rel}","templated":true}]}}