{"id":535,"date":"2017-05-12T09:23:49","date_gmt":"2017-05-12T09:23:49","guid":{"rendered":"http:\/\/servidorweb:8080\/martos\/?page_id=535"},"modified":"2021-04-01T16:33:06","modified_gmt":"2021-04-01T16:33:06","slug":"carvao-informacoes","status":"publish","type":"page","link":"https:\/\/www.martos.pt\/fr\/carvao-informacoes\/","title":{"rendered":"Biocarv\u00e3o &#8211; Informa\u00e7\u00f5es"},"content":{"rendered":"<div class=\"content_block\" id=\"custom_post_widget-465\"><div class=\"container\">\n<div class=\"g-grid\">\n<div class=\"size-25 container-menu-inicio\"><a href=\"\/pellets-produtos\"><img decoding=\"async\" class=\"imgProductMenu aligncenter\" src=\"\/images\/pellets.png\" \/><\/a><\/p>\n<div id=\"menu-pellets\" class=\"overlay-menu-inicio\" style=\"text-align: center;\">\n<div class=\"text_menu\">Pellets<\/div>\n<\/div>\n<\/div>\n<div class=\"size-25 container-menu-inicio\" style=\"text-align: center;\"><a href=\"\/paletes-produtos\"><img decoding=\"async\" class=\"imgProductMenu\" src=\"\/images\/palete4entradas.png\" \/><\/a><\/p>\n<div id=\"menu-paletes\" class=\"overlay-menu-inicio\">\n<div class=\"text_menu\">Palettes<\/div>\n<\/div>\n<\/div>\n<div class=\"size-25 container-menu-inicio\"><a href=\"\/carvao-produtos\"><img decoding=\"async\" class=\"imgProductMenu aligncenter\" src=\"\/images\/carvao.png\" \/><\/a><\/p>\n<div id=\"menu-carvao\" class=\"overlay-menu-inicio\">\n<div class=\"text_menu\" style=\"text-align: center;\">BioCharbon<\/div>\n<\/div>\n<\/div>\n<div class=\"size-25 container-menu-inicio\"><\/div>\n<\/div>\n<\/div>\n<\/div>\n<div class=\"content_block\" id=\"custom_post_widget-531\"><div>\n<div class=\"line_green\"><\/div>\n<p class=\"sub_menu_margin\"><a id=\"aProdutosCarvao\" class=\"sub_menu\" href=\"\/carvao-produtos\">PRODUITS<\/a><a id=\"aInfoCarvao\" class=\"sub_menu\" href=\"\/carvao-informacoes\">Informations<\/a><a id=\"aVantagensCarvao\" class=\"sub_menu\" href=\"\/carvao-vantagens\">Vantagens<\/a><a id=\"aAplicacoesCarvao\" class=\"sub_menu\" href=\"\/carvao-aplicacoes\">Applications<\/a><a id=\"aNoticiasCarvao\" class=\"sub_menu\" href=\"\/carvao-noticias\">Actualit\u00e9s<\/a><\/p>\n<\/div>\n<\/div>\n<div class=\"container\">\n<h2>Informations<\/h2>\n<p>O Biocarv\u00e3o \u00e9 uma fonte de energia 100% natural e ecol\u00f3gica, produzido a partir de madeiras de esp\u00e9cies infestantes da floresta, como a ac\u00e1cia austr\u00e1lia, a mimosa e outras, atrav\u00e9s de um processo de pir\u00f3lise lenta em reator fechado.<br \/>\n\u00c9 um produto concebido para uso dom\u00e9stico, na confe\u00e7\u00e3o de alimentos em grelhadores tradicionais para consumidores que pretendam um produto 100% natural e saud\u00e1vel, com elevados benef\u00edcios para a sua sa\u00fade e bem-estar.<br \/>\nPara al\u00e9m de um produto ecol\u00f3gico, \u00e9 notoriamente mais rent\u00e1vel e saud\u00e1vel para os consumidores o que se verifica pelas suas carater\u00edsticas diferenciadoras do carv\u00e3o tradicional.<\/p>\n<h2>Benef\u00edcios para a sa\u00fade<\/h2>\n<p>Isento de toxinas, alcatr\u00f5es, furanos, naftalenos, hidrocarbonetos arom\u00e1ticos polic\u00edclicos (PAHs)<\/p>\n<div style=\"margin-left: 60px;\">O carv\u00e3o vegetal tradicional apresenta um elevado teor de toxinas, alcatr\u00f5es, furanos, naftalenos, PAHs, arom\u00e1ticos ou fen\u00f3is, naturalmente presentes na madeira. O processo de fabrico do biocarv\u00e3o permite retirar estes elementos da madeira tornando o biocarv\u00e3o mais saud\u00e1vel para a sua utiliza\u00e7\u00e3o nos grelhados.<\/div>\n<div style=\"margin-left: 60px;\">O carv\u00e3o vegetal tradicional liberta subst\u00e2ncias prejudiciais e cancer\u00edgenas para os alimentos enquanto o biocarv\u00e3o n\u00e3o contem essas subst\u00e2ncias tornando-se mais saud\u00e1vel.<\/div>\n<p>Sem cheiro e fumos.<\/p>\n<div style=\"margin-left: 60px;\">O biocarv\u00e3o n\u00e3o produz labaredas, n\u00e3o provoca o efeito esturricado nos alimentos pelo que reduz intensamente o cheiro e os fumos libertados durante a utiliza\u00e7\u00e3o. Permitindo desse modo real\u00e7ar o cheiro e sabor natural dos alimentos.<\/div>\n<p>Alimentos mais saborosos<\/p>\n<div style=\"margin-left: 60px;\">O biocarv\u00e3o garante o sabor natural dos alimentos, sem atribuir o sabor a queimado aos grelhados. O biocarv\u00e3o permite manter uma temperatura uniforme durante a execu\u00e7\u00e3o dos grelhados.<\/div>\n<\/div>","protected":false},"excerpt":{"rendered":"<p>Informa\u00e7\u00f5es O Biocarv\u00e3o \u00e9 uma fonte de energia 100% natural e ecol\u00f3gica, produzido a partir de madeiras de esp\u00e9cies infestantes da floresta, como a ac\u00e1cia austr\u00e1lia, a mimosa e outras, atrav\u00e9s de um processo de pir\u00f3lise lenta em reator fechado. \u00c9 um produto concebido para uso dom\u00e9stico, na confe\u00e7\u00e3o de alimentos em grelhadores tradicionais para [&hellip;]<\/p>","protected":false},"author":1,"featured_media":0,"parent":0,"menu_order":0,"comment_status":"closed","ping_status":"closed","template":"","meta":{"_mi_skip_tracking":false,"_monsterinsights_sitenote_active":false,"_monsterinsights_sitenote_note":"","_monsterinsights_sitenote_category":0,"footnotes":""},"aioseo_notices":[],"_links":{"self":[{"href":"https:\/\/www.martos.pt\/fr\/wp-json\/wp\/v2\/pages\/535"}],"collection":[{"href":"https:\/\/www.martos.pt\/fr\/wp-json\/wp\/v2\/pages"}],"about":[{"href":"https:\/\/www.martos.pt\/fr\/wp-json\/wp\/v2\/types\/page"}],"author":[{"embeddable":true,"href":"https:\/\/www.martos.pt\/fr\/wp-json\/wp\/v2\/users\/1"}],"replies":[{"embeddable":true,"href":"https:\/\/www.martos.pt\/fr\/wp-json\/wp\/v2\/comments?post=535"}],"version-history":[{"count":10,"href":"https:\/\/www.martos.pt\/fr\/wp-json\/wp\/v2\/pages\/535\/revisions"}],"predecessor-version":[{"id":1997,"href":"https:\/\/www.martos.pt\/fr\/wp-json\/wp\/v2\/pages\/535\/revisions\/1997"}],"wp:attachment":[{"href":"https:\/\/www.martos.pt\/fr\/wp-json\/wp\/v2\/media?parent=535"}],"curies":[{"name":"wp","href":"https:\/\/api.w.org\/{rel}","templated":true}]}}