{"id":541,"date":"2017-05-12T09:25:00","date_gmt":"2017-05-12T09:25:00","guid":{"rendered":"http:\/\/servidorweb:8080\/martos\/?page_id=541"},"modified":"2023-08-31T10:39:02","modified_gmt":"2023-08-31T10:39:02","slug":"carvao-vantagens","status":"publish","type":"page","link":"https:\/\/www.martos.pt\/fr\/carvao-vantagens\/","title":{"rendered":"Carv\u00e3o &#8211; Vantagens"},"content":{"rendered":"<div class=\"content_block\" id=\"custom_post_widget-465\"><div class=\"container\">\n<div class=\"g-grid\">\n<div class=\"size-25 container-menu-inicio\"><a href=\"\/pellets-produtos\"><img decoding=\"async\" class=\"imgProductMenu aligncenter\" src=\"\/images\/pellets.png\" \/><\/a><\/p>\n<div id=\"menu-pellets\" class=\"overlay-menu-inicio\" style=\"text-align: center;\">\n<div class=\"text_menu\">Pellets<\/div>\n<\/div>\n<\/div>\n<div class=\"size-25 container-menu-inicio\" style=\"text-align: center;\"><a href=\"\/paletes-produtos\"><img decoding=\"async\" class=\"imgProductMenu\" src=\"\/images\/palete4entradas.png\" \/><\/a><\/p>\n<div id=\"menu-paletes\" class=\"overlay-menu-inicio\">\n<div class=\"text_menu\">Palettes<\/div>\n<\/div>\n<\/div>\n<div class=\"size-25 container-menu-inicio\"><a href=\"\/carvao-produtos\"><img decoding=\"async\" class=\"imgProductMenu aligncenter\" src=\"\/images\/carvao.png\" \/><\/a><\/p>\n<div id=\"menu-carvao\" class=\"overlay-menu-inicio\">\n<div class=\"text_menu\" style=\"text-align: center;\">BioCharbon<\/div>\n<\/div>\n<\/div>\n<div class=\"size-25 container-menu-inicio\"><\/div>\n<\/div>\n<\/div>\n<\/div>\n<div class=\"content_block\" id=\"custom_post_widget-531\"><div>\n<div class=\"line_green\"><\/div>\n<p class=\"sub_menu_margin\"><a id=\"aProdutosCarvao\" class=\"sub_menu\" href=\"\/carvao-produtos\">PRODUITS<\/a><a id=\"aInfoCarvao\" class=\"sub_menu\" href=\"\/carvao-informacoes\">Informations<\/a><a id=\"aVantagensCarvao\" class=\"sub_menu\" href=\"\/carvao-vantagens\">Vantagens<\/a><a id=\"aAplicacoesCarvao\" class=\"sub_menu\" href=\"\/carvao-aplicacoes\">Applications<\/a><a id=\"aNoticiasCarvao\" class=\"sub_menu\" href=\"\/carvao-noticias\">Actualit\u00e9s<\/a><\/p>\n<\/div>\n<\/div>\n<div class=\"container\">\n<h2>Vantagens do Biocarv\u00e3o<\/h2>\n<h3>\u00c9 mais f\u00e1cil de acender.<\/h3>\n<div style=\"margin-left: 60px;\">Devido \u00e0 sua constitui\u00e7\u00e3o, o biocarv\u00e3o \u00e9 mais r\u00e1pido de acender do que o carv\u00e3o vegetal tradicional. Em menos de 15 minutos, est\u00e1 pronto a grelhar, sem ficar incandescente.<\/div>\n<h3>Mais seguro<\/h3>\n<div style=\"margin-left: 60px;\">N\u00e3o produz fa\u00edscas quando \u00e9 queimado, reduzindo o risco de provocar inc\u00eandios ou queimaduras, o que o torna mais seguro para si e a sua fam\u00edlia.<\/div>\n<h3>Maior rentabilidade e efici\u00eancia<\/h3>\n<div style=\"margin-left: 60px;\">O Poder Calor\u00edfico do biocarv\u00e3o \u00e9 bastante superior ao do carv\u00e3o tradicional, mantendo-se apto para grelhar durante 3,5 horas, demonstrando desse modo uma maior rentabilidade e efici\u00eancia.<\/div>\n<h3>Mais econ\u00f3mico<\/h3>\n<div style=\"margin-left: 60px;\">O facto de se manter durante mais tempo permite uma maior economia na sua utiliza\u00e7\u00e3o. Maior quantidade de alimentos preparados com uma menor quantidade de carv\u00e3o.<\/div>\n<h3>Ecol\u00f3gico e sustent\u00e1vel<\/h3>\n<div style=\"margin-left: 60px;\">O biocarv\u00e3o \u00e9 100% ecol\u00f3gico e sustent\u00e1vel uma vez que \u00e9 produzido a partir de mat\u00e9ria vegetal proveniente do corte de esp\u00e9cies infestantes como a ac\u00e1cia<\/div>\n<h3>Rigor e qualidade<\/h3>\n<div style=\"margin-left: 60px;\">O biocarv\u00e3o est\u00e1 sujeito um r\u00edgido controlo de produ\u00e7\u00e3o e ensaque, eliminando a presen\u00e7a de pedras, areias ou outros detritos comuns no carv\u00e3o vegetal tradicional.<\/div>\n<\/div>","protected":false},"excerpt":{"rendered":"<p>Vantagens do Biocarv\u00e3o \u00c9 mais f\u00e1cil de acender. Devido \u00e0 sua constitui\u00e7\u00e3o, o biocarv\u00e3o \u00e9 mais r\u00e1pido de acender do que o carv\u00e3o vegetal tradicional. Em menos de 15 minutos, est\u00e1 pronto a grelhar, sem ficar incandescente. Mais seguro N\u00e3o produz fa\u00edscas quando \u00e9 queimado, reduzindo o risco de provocar inc\u00eandios ou queimaduras, o que [&hellip;]<\/p>","protected":false},"author":1,"featured_media":0,"parent":0,"menu_order":0,"comment_status":"closed","ping_status":"closed","template":"","meta":{"_mi_skip_tracking":false,"_monsterinsights_sitenote_active":false,"_monsterinsights_sitenote_note":"","_monsterinsights_sitenote_category":0,"footnotes":""},"aioseo_notices":[],"_links":{"self":[{"href":"https:\/\/www.martos.pt\/fr\/wp-json\/wp\/v2\/pages\/541"}],"collection":[{"href":"https:\/\/www.martos.pt\/fr\/wp-json\/wp\/v2\/pages"}],"about":[{"href":"https:\/\/www.martos.pt\/fr\/wp-json\/wp\/v2\/types\/page"}],"author":[{"embeddable":true,"href":"https:\/\/www.martos.pt\/fr\/wp-json\/wp\/v2\/users\/1"}],"replies":[{"embeddable":true,"href":"https:\/\/www.martos.pt\/fr\/wp-json\/wp\/v2\/comments?post=541"}],"version-history":[{"count":8,"href":"https:\/\/www.martos.pt\/fr\/wp-json\/wp\/v2\/pages\/541\/revisions"}],"predecessor-version":[{"id":3179,"href":"https:\/\/www.martos.pt\/fr\/wp-json\/wp\/v2\/pages\/541\/revisions\/3179"}],"wp:attachment":[{"href":"https:\/\/www.martos.pt\/fr\/wp-json\/wp\/v2\/media?parent=541"}],"curies":[{"name":"wp","href":"https:\/\/api.w.org\/{rel}","templated":true}]}}